{"id":48451,"date":"2025-11-12T09:33:36","date_gmt":"2025-11-12T08:33:36","guid":{"rendered":"https:\/\/staging2.firstware.com\/?page_id=48451"},"modified":"2026-01-08T13:31:27","modified_gmt":"2026-01-08T12:31:27","slug":"aidentity","status":"publish","type":"page","link":"https:\/\/www.firstware.com\/de\/aidentity\/","title":{"rendered":"AI:dentity"},"content":{"rendered":"<div class=\"wpb-content-wrapper\">[vc_row][vc_column][vc_column_text css=&#8220;&#8220;]\n<h1>Frag AI:dentity<\/h1>\n[\/vc_column_text][vc_column_text css=&#8220;&#8220;]\n<p>Starten Sie das Gespr\u00e4ch! AI:dentity ist jederzeit bereit, Ihre Fragen zu beantworten und Ihnen zur Seite zu stehen. Alternativ k\u00f6nnen Sie uns auch \u00fcber das <strong><a href=\"https:\/\/firstware.com\/de\/kontakt\/\">Kontaktformular<\/a> <\/strong>erreichen oder direkt eine <a href=\"https:\/\/www.firstware.com\/de\/jetzt-termin-vereinbaren\/\"><strong>Demo buchen<\/strong><\/a>.<\/p>\n[\/vc_column_text][vc_column_text css=&#8220;&#8220;]\n<p><iframe width=\"100%\" height=\"600px\" style=\"border-width: 0px;\" src=\"https:\/\/app.wonderchat.io\/chatbot\/cmhudx3la017qhx5cajh31fvh\" allow=\"clipboard-read; clipboard-write\" id=\"wonderchat-iframe\"><\/iframe><\/p>\n[\/vc_column_text][\/vc_column][\/vc_row]\n<\/div>","protected":false},"excerpt":{"rendered":"<p>[vc_row][vc_column][vc_column_text css=&#8220;&#8220;] Frag AI:dentity [\/vc_column_text][vc_column_text css=&#8220;&#8220;] Starten Sie das Gespr\u00e4ch! AI:dentity ist jederzeit bereit, Ihre Fragen zu beantworten und Ihnen [&hellip;]<\/p>\n","protected":false},"author":18,"featured_media":0,"parent":0,"menu_order":0,"comment_status":"closed","ping_status":"closed","template":"","meta":{"_monsterinsights_skip_tracking":false,"_monsterinsights_sitenote_active":false,"_monsterinsights_sitenote_note":"","_monsterinsights_sitenote_category":0,"footnotes":""},"class_list":["post-48451","page","type-page","status-publish","hentry"],"yoast_head":"<!-- This site is optimized with the Yoast SEO plugin v27.5 - https:\/\/yoast.com\/product\/yoast-seo-wordpress\/ -->\n<title>AI:dentity - FirstWare IDM-Portal<\/title>\n<meta name=\"description\" content=\"Ask AI:dentity, stellen Sie unserem Firstware IDM-Portal Experten alle Fragen zu unseren IAM-Produkten. Schnelle Antworten, klare L\u00f6sungen.\" \/>\n<meta name=\"robots\" content=\"index, follow, max-snippet:-1, max-image-preview:large, max-video-preview:-1\" \/>\n<link rel=\"canonical\" href=\"https:\/\/www.firstware.com\/de\/aidentity\/\" \/>\n<meta property=\"og:locale\" content=\"de_DE\" \/>\n<meta property=\"og:type\" content=\"article\" \/>\n<meta property=\"og:title\" content=\"AI:dentity - FirstWare IDM-Portal\" \/>\n<meta property=\"og:description\" content=\"Ask AI:dentity, stellen Sie unserem Firstware IDM-Portal Experten alle Fragen zu unseren IAM-Produkten. Schnelle Antworten, klare L\u00f6sungen.\" \/>\n<meta property=\"og:url\" content=\"https:\/\/www.firstware.com\/de\/aidentity\/\" \/>\n<meta property=\"og:site_name\" content=\"FirstWare IDM-Portal\" \/>\n<meta name=\"twitter:label1\" content=\"Gesch\u00e4tzte Lesezeit\" \/>\n\t<meta name=\"twitter:data1\" content=\"1\u00a0Minute\" \/>\n<script type=\"application\/ld+json\" class=\"yoast-schema-graph\">{\"@context\":\"https:\\\/\\\/schema.org\",\"@graph\":[{\"@type\":\"WebPage\",\"@id\":\"https:\\\/\\\/www.firstware.com\\\/de\\\/aidentity\\\/\",\"url\":\"https:\\\/\\\/www.firstware.com\\\/de\\\/aidentity\\\/\",\"name\":\"AI:dentity - FirstWare IDM-Portal\",\"isPartOf\":{\"@id\":\"https:\\\/\\\/www.firstware.com\\\/en\\\/#website\"},\"description\":\"Ask AI:dentity, stellen Sie unserem Firstware IDM-Portal Experten alle Fragen zu unseren IAM-Produkten. Schnelle Antworten, klare L\u00f6sungen.\",\"breadcrumb\":{\"@id\":\"https:\\\/\\\/www.firstware.com\\\/de\\\/aidentity\\\/#breadcrumb\"},\"inLanguage\":\"de\",\"potentialAction\":[{\"@type\":\"ReadAction\",\"target\":[\"https:\\\/\\\/www.firstware.com\\\/de\\\/aidentity\\\/\"]}]},{\"@type\":\"BreadcrumbList\",\"@id\":\"https:\\\/\\\/www.firstware.com\\\/de\\\/aidentity\\\/#breadcrumb\",\"itemListElement\":[{\"@type\":\"ListItem\",\"position\":1,\"name\":\"Startseite\",\"item\":\"https:\\\/\\\/www.firstware.com\\\/de\\\/\"},{\"@type\":\"ListItem\",\"position\":2,\"name\":\"AI:dentity\"}]},{\"@type\":\"WebSite\",\"@id\":\"https:\\\/\\\/www.firstware.com\\\/en\\\/#website\",\"url\":\"https:\\\/\\\/www.firstware.com\\\/en\\\/\",\"name\":\"FirstWare IDM-Portal\",\"description\":\"Identity and Autorization Management in M365 and Active Directory\",\"publisher\":{\"@id\":\"https:\\\/\\\/www.firstware.com\\\/en\\\/#organization\"},\"potentialAction\":[{\"@type\":\"SearchAction\",\"target\":{\"@type\":\"EntryPoint\",\"urlTemplate\":\"https:\\\/\\\/www.firstware.com\\\/en\\\/?s={search_term_string}\"},\"query-input\":{\"@type\":\"PropertyValueSpecification\",\"valueRequired\":true,\"valueName\":\"search_term_string\"}}],\"inLanguage\":\"de\"},{\"@type\":\"Organization\",\"@id\":\"https:\\\/\\\/www.firstware.com\\\/en\\\/#organization\",\"name\":\"FirstWare IDM-Portal\",\"url\":\"https:\\\/\\\/www.firstware.com\\\/en\\\/\",\"logo\":{\"@type\":\"ImageObject\",\"inLanguage\":\"de\",\"@id\":\"https:\\\/\\\/www.firstware.com\\\/en\\\/#\\\/schema\\\/logo\\\/image\\\/\",\"url\":\"https:\\\/\\\/www.firstware.com\\\/wp-content\\\/uploads\\\/2019\\\/06\\\/IDM-Portal.ico\",\"contentUrl\":\"https:\\\/\\\/www.firstware.com\\\/wp-content\\\/uploads\\\/2019\\\/06\\\/IDM-Portal.ico\",\"width\":1,\"height\":1,\"caption\":\"FirstWare IDM-Portal\"},\"image\":{\"@id\":\"https:\\\/\\\/www.firstware.com\\\/en\\\/#\\\/schema\\\/logo\\\/image\\\/\"}}]}<\/script>\n<!-- \/ Yoast SEO plugin. -->","yoast_head_json":{"title":"AI:dentity - FirstWare IDM-Portal","description":"Ask AI:dentity, stellen Sie unserem Firstware IDM-Portal Experten alle Fragen zu unseren IAM-Produkten. Schnelle Antworten, klare L\u00f6sungen.","robots":{"index":"index","follow":"follow","max-snippet":"max-snippet:-1","max-image-preview":"max-image-preview:large","max-video-preview":"max-video-preview:-1"},"canonical":"https:\/\/www.firstware.com\/de\/aidentity\/","og_locale":"de_DE","og_type":"article","og_title":"AI:dentity - FirstWare IDM-Portal","og_description":"Ask AI:dentity, stellen Sie unserem Firstware IDM-Portal Experten alle Fragen zu unseren IAM-Produkten. Schnelle Antworten, klare L\u00f6sungen.","og_url":"https:\/\/www.firstware.com\/de\/aidentity\/","og_site_name":"FirstWare IDM-Portal","twitter_misc":{"Gesch\u00e4tzte Lesezeit":"1\u00a0Minute"},"schema":{"@context":"https:\/\/schema.org","@graph":[{"@type":"WebPage","@id":"https:\/\/www.firstware.com\/de\/aidentity\/","url":"https:\/\/www.firstware.com\/de\/aidentity\/","name":"AI:dentity - FirstWare IDM-Portal","isPartOf":{"@id":"https:\/\/www.firstware.com\/en\/#website"},"description":"Ask AI:dentity, stellen Sie unserem Firstware IDM-Portal Experten alle Fragen zu unseren IAM-Produkten. Schnelle Antworten, klare L\u00f6sungen.","breadcrumb":{"@id":"https:\/\/www.firstware.com\/de\/aidentity\/#breadcrumb"},"inLanguage":"de","potentialAction":[{"@type":"ReadAction","target":["https:\/\/www.firstware.com\/de\/aidentity\/"]}]},{"@type":"BreadcrumbList","@id":"https:\/\/www.firstware.com\/de\/aidentity\/#breadcrumb","itemListElement":[{"@type":"ListItem","position":1,"name":"Startseite","item":"https:\/\/www.firstware.com\/de\/"},{"@type":"ListItem","position":2,"name":"AI:dentity"}]},{"@type":"WebSite","@id":"https:\/\/www.firstware.com\/en\/#website","url":"https:\/\/www.firstware.com\/en\/","name":"FirstWare IDM-Portal","description":"Identity and Autorization Management in M365 and Active Directory","publisher":{"@id":"https:\/\/www.firstware.com\/en\/#organization"},"potentialAction":[{"@type":"SearchAction","target":{"@type":"EntryPoint","urlTemplate":"https:\/\/www.firstware.com\/en\/?s={search_term_string}"},"query-input":{"@type":"PropertyValueSpecification","valueRequired":true,"valueName":"search_term_string"}}],"inLanguage":"de"},{"@type":"Organization","@id":"https:\/\/www.firstware.com\/en\/#organization","name":"FirstWare IDM-Portal","url":"https:\/\/www.firstware.com\/en\/","logo":{"@type":"ImageObject","inLanguage":"de","@id":"https:\/\/www.firstware.com\/en\/#\/schema\/logo\/image\/","url":"https:\/\/www.firstware.com\/wp-content\/uploads\/2019\/06\/IDM-Portal.ico","contentUrl":"https:\/\/www.firstware.com\/wp-content\/uploads\/2019\/06\/IDM-Portal.ico","width":1,"height":1,"caption":"FirstWare IDM-Portal"},"image":{"@id":"https:\/\/www.firstware.com\/en\/#\/schema\/logo\/image\/"}}]}},"_links":{"self":[{"href":"https:\/\/www.firstware.com\/de\/wp-json\/wp\/v2\/pages\/48451","targetHints":{"allow":["GET"]}}],"collection":[{"href":"https:\/\/www.firstware.com\/de\/wp-json\/wp\/v2\/pages"}],"about":[{"href":"https:\/\/www.firstware.com\/de\/wp-json\/wp\/v2\/types\/page"}],"author":[{"embeddable":true,"href":"https:\/\/www.firstware.com\/de\/wp-json\/wp\/v2\/users\/18"}],"replies":[{"embeddable":true,"href":"https:\/\/www.firstware.com\/de\/wp-json\/wp\/v2\/comments?post=48451"}],"version-history":[{"count":3,"href":"https:\/\/www.firstware.com\/de\/wp-json\/wp\/v2\/pages\/48451\/revisions"}],"predecessor-version":[{"id":49287,"href":"https:\/\/www.firstware.com\/de\/wp-json\/wp\/v2\/pages\/48451\/revisions\/49287"}],"wp:attachment":[{"href":"https:\/\/www.firstware.com\/de\/wp-json\/wp\/v2\/media?parent=48451"}],"curies":[{"name":"wp","href":"https:\/\/api.w.org\/{rel}","templated":true}]}}