{"id":36253,"date":"2021-07-14T14:20:20","date_gmt":"2021-07-14T14:20:20","guid":{"rendered":"https:\/\/staging.firstware.com\/?page_id=36253"},"modified":"2026-02-23T14:12:40","modified_gmt":"2026-02-23T13:12:40","slug":"powershell-iam","status":"publish","type":"page","link":"https:\/\/www.firstware.com\/de\/systeme\/powershell-iam\/","title":{"rendered":"PowerShell IAM"},"content":{"rendered":"<div class=\"wpb-content-wrapper\">[vc_row fullwidth=&#8220;yes&#8220; fw_columns=&#8220;yes&#8220; top_margin=&#8220;0&#8243; bottom_margin=&#8220;0&#8243; css=&#8220;.vc_custom_1509552904124{margin-top: -50px !important;}&#8220;][vc_column css=&#8220;.vc_custom_1506587559620{padding-right: 0px !important;padding-left: 0px !important;}&#8220;][vc_single_image image=&#8220;15117&#8243; img_size=&#8220;full&#8220; alignment=&#8220;center&#8220;][\/vc_column][\/vc_row][vc_row top_margin=&#8220;0&#8243; bottom_margin=&#8220;0&#8243; css=&#8220;.vc_custom_1608210852443{margin-top: -20px !important;}&#8220;][vc_column][vc_column_text css=&#8220;.vc_custom_1636643248203{padding-top: 15px !important;}&#8220; el_class=&#8220;p&#8220;]\n<h1 class=\"exc-header\">PowerShell<\/h1>\n<h2 style=\"margin-top: 0;\">Sicherheit und Flexibilit\u00e4t f\u00fcr Anwender<\/h2>\n<p>PowerShell ist DAS multifunktionale Werkzeug in der Microsoft Welt.<\/p>\n<p>Als IAM-L\u00f6sung ist es aber nur f\u00fcr denjenigen gut, der das Skript geschrieben hat &#8211; bis jetzt!<\/p>\n[\/vc_column_text][\/vc_column][\/vc_row][vc_row fullwidth=&#8220;yes&#8220; top_margin=&#8220;0&#8243; bottom_margin=&#8220;0&#8243; background_color=&#8220;rgba(97,139,212,0.1)&#8220; el_class=&#8220;FA-alignleft&#8220;][vc_column][vc_column_text]\n<h2>PowerShell im IAM System integrieren<\/h2>\n<h3>F\u00fcr Benutzer und Berechtigungen in Microsoft 365 und Active Directory<\/h3>\n[\/vc_column_text][\/vc_column][vc_column width=&#8220;1\/3&#8243;][vc_column_text css_animation=&#8220;fadeIn&#8220;]\n<p><img decoding=\"async\" class=\"aligncenter wp-image-12423\" title=\"PowerShell Provider\" src=\"https:\/\/www.firstware.com\/wp-content\/uploads\/2019\/06\/PowerShell-Provider.png\" alt=\"PowerShell Provider\" width=\"250\" height=\"250\" srcset=\"https:\/\/www.firstware.com\/wp-content\/uploads\/2019\/06\/PowerShell-Provider.png 200w, https:\/\/www.firstware.com\/wp-content\/uploads\/2019\/06\/PowerShell-Provider-150x150.png 150w\" sizes=\"(max-width: 250px) 100vw, 250px\" \/><\/p>\n[\/vc_column_text][\/vc_column][vc_column width=&#8220;2\/3&#8243;][vc_column_text]\n<ul class=\"featureList\">\n<li class=\"tick\">Unternehmen nutzen eine Oberfl\u00e4che f\u00fcr Active Directory \/ M365 gezielt und hybrid<\/li>\n<li class=\"tick\">Anwender und Manager f\u00fchren PS-Skripte aus &#8211; <a href=\"https:\/\/www.firstware.com\/de\/systeme\/hr-system-anbinden\/\" target=\"_blank\" rel=\"noopener\">User Lifecycle Management<\/a> delegieren<\/li>\n<li class=\"tick\">Vorhandene PS-Skripte nutzen, ins IDM integrieren und nachvollziehbar ausf\u00fchren (Logging)<\/li>\n<li class=\"tick\">Aktionen ausf\u00fchren, die in Microsoft 365 \/ Entra ID versteckt sind<\/li>\n<li class=\"tick\">Die komplette, vorhandene Microsoft Infrastruktur kann genutzt werden, genau wie viele weitere Systeme. PowerShell ist weit verbreitet, auch \u00fcber Microsoft Apps hinaus.<\/li>\n<li class=\"tick\">Identity Access Management mit PowerShell erm\u00f6glichen &#8211; sicher &amp; f\u00fcr alle<\/li>\n<\/ul>\n[\/vc_column_text][\/vc_column][vc_column][vc_column_text]\n<p style=\"text-align: center;\"><strong>Das IDM-Portal erm\u00f6glicht eine umfassende Automatisierung von allen Aufgaben rund um das Identity Management.<\/strong><\/p>\n[\/vc_column_text][vc_column_text css=&#8220;&#8220;]\n<p><a href=\"https:\/\/www.firstware.com\/de\/kontakt\/\"><button class=\"ButtonBeratung aligncenter\">Sprechen Sie uns an<\/button><\/a><\/p>\n[\/vc_column_text][\/vc_column][\/vc_row][vc_row fullwidth=&#8220;yes&#8220; top_margin=&#8220;0&#8243; bottom_margin=&#8220;0&#8243; background_color=&#8220;rgba(255,255,255,0.1)&#8220;][vc_column][vc_column_text]\n<h2>Vorteile von PowerShell f\u00fcr Identity Management<\/h2>\n<h3>Die umfassenden M\u00f6glichkeiten einfach alles zu tun<\/h3>\n[\/vc_column_text][\/vc_column][vc_column width=&#8220;1\/2&#8243; el_class=&#8220;FA-alignleft force&#8220;][vc_column_text]\n<p class=\"absatz\">Mit PowerShell k\u00f6nnen viele Aufgaben der AD\/Entra ID\/M365 Verwaltung vereinfacht und automatisiert werden.<\/p>\n<p class=\"absatz\">Viele Admins nutzen dies und bauen hilfreiche PS-Skripte f\u00fcr t\u00e4gliche Routinen. Damit k\u00f6nnen IT-Abteilungen mehr Aufgaben automatisieren und schneller erledigen. Die Tasks liegen aber weiter in der IT. Wechselt der Skript-Autor, wird es h\u00e4ufig schwierig.<\/p>\n<p><strong>Das IDM-Portal ist eine <a href=\"https:\/\/www.firstware.com\/de\/\" target=\"_blank\" rel=\"noopener\">IAM-L\u00f6sung<\/a> mit integriertem PowerShell Provider. PS-Skript laufen automatisch und im richtigen Moment ab.<\/strong><\/p>\n[\/vc_column_text][\/vc_column][vc_column width=&#8220;1\/2&#8243;][vc_column_text]\n<p><em> <img decoding=\"async\" class=\"alignnone wp-image-15483 size-full\" title=\"Powershell-Command-\u201cSend-MailMessage\u201d\" src=\"https:\/\/www.firstware.com\/wp-content\/uploads\/2021\/02\/Powershell-Command-Send-MailMessage-1.png\" alt=\"Powershell-Command-\u201cSend-MailMessage\u201d\" width=\"867\" height=\"417\" \/><\/em><\/p>\n<p><em>PowerShell Skript f\u00fcr <a href=\"https:\/\/www.active-directory-faq.de\/2019\/11\/mailversand-ueber-o365-automatisieren\/\" target=\"_blank\" rel=\"noopener\">automatisierten Mailversand \u00fcber M365<\/a><br \/>\n<\/em><\/p>\n[\/vc_column_text][\/vc_column][\/vc_row][vc_row fullwidth=&#8220;yes&#8220; top_margin=&#8220;0&#8243; bottom_margin=&#8220;0&#8243; background_color=&#8220;rgba(97,139,212,0.1)&#8220;][vc_column][vc_column_text]\n<h2>Automatisierung und Customization mit PowerShell<\/h2>\n<h3>GUI, RBAC, Ease-of-Use und Traceability f\u00fcr sicheres Arbeiten au\u00dferhalb der IT<\/h3>\n[\/vc_column_text][\/vc_column][vc_column width=&#8220;1\/2&#8243;][vc_column_text css_animation=&#8220;fadeIn&#8220; css=&#8220;&#8220;]\n<p><img decoding=\"async\" class=\"alignnone wp-image-45188\" title=\"Anwenderfreundliches IDM-Portal\" src=\"https:\/\/www.firstware.com\/wp-content\/uploads\/2024\/06\/idm-portal-alle-user-1024x599-1.png\" alt=\"\" width=\"827\" height=\"484\" srcset=\"https:\/\/www.firstware.com\/wp-content\/uploads\/2024\/06\/idm-portal-alle-user-1024x599-1.png 1024w, https:\/\/www.firstware.com\/wp-content\/uploads\/2024\/06\/idm-portal-alle-user-1024x599-1-300x175.png 300w, https:\/\/www.firstware.com\/wp-content\/uploads\/2024\/06\/idm-portal-alle-user-1024x599-1-768x449.png 768w\" sizes=\"(max-width: 827px) 100vw, 827px\" \/><\/p>\n<p style=\"text-align: center;\"><em>Das IDM-Portal f\u00fcr Anwender nutzen<\/em><\/p>\n[\/vc_column_text][\/vc_column][vc_column width=&#8220;1\/2&#8243;][vc_column_text el_class=&#8220;FA-alignleft force&#8220;]\n<p class=\"absatz\">Das IDM-Portal bietet eine <strong>schnelle, selbsterkl\u00e4rende Oberfl\u00e4che<\/strong> f\u00fcr Anwender und Admins.<\/p>\n<p class=\"absatz\">Die GUI wird an Unternehmenskonzepte angepasst und Anwendergruppen via <a href=\"https:\/\/www.firstware.com\/de\/authorization\/rollenbasierte-berechtigungen\/\" target=\"_blank\" rel=\"noopener\">RBAC<\/a> definiert. Dies erm\u00f6glicht die <a href=\"https:\/\/www.firstware.com\/de\/identity-management\/delegation\/\" target=\"_blank\" rel=\"noopener\">sichere Delegation<\/a> von IDM-Daten aus AD und M365 in nur einer Web-Oberfl\u00e4che.<\/p>\n<p><strong>Fine-Tuning, Automatisierung und Customization sind mit IDM-Portal Funktionen und PowerShell m\u00f6glich.<\/strong><\/p>\n[\/vc_column_text][\/vc_column][\/vc_row][vc_row fullwidth=&#8220;yes&#8220; top_margin=&#8220;0&#8243; bottom_margin=&#8220;0&#8243; background_color=&#8220;rgba(255,255,255,0.1)&#8220; el_class=&#8220;FA-aligncenter&#8220;][vc_column][vc_column_text]\n<h2>Vorteile des IDM-Portals mit integriertem PowerShell Provider<\/h2>\n<p><strong>Die Symbiose aus IDM-Portal und PowerShell gibt der IT und Anwendern viele M\u00f6glichkeiten. <\/strong><br \/>\nDas IDM-Portal entlastet die IT-Abteilung und verbessert deutlich den Prozess zum Anlegen und \u00c4ndern von Benutzerkonten.<\/p>\n[\/vc_column_text][vc_column_text css_animation=&#8220;fadeIn&#8220;]\n<p><img decoding=\"async\" class=\"alignnone wp-image-15055 size-full\" title=\"IDM-Portal mit PowerShell\" src=\"https:\/\/www.firstware.com\/wp-content\/uploads\/2020\/12\/unternehmensuebergreifendes-IAM-03-IT-Personalabteilung-Fachabteilung.png\" alt=\"IDM-Portal mit PowerShell\" width=\"800\" height=\"444\" \/><\/p>\n[\/vc_column_text][vc_column_text]\n<p><a href=\"https:\/\/www.firstware.com\/de\/kontakt\/\"><button class=\"ButtonBeratung aligncenter\">Erfahren, was noch m\u00f6glich ist<\/button><\/a><\/p>\n[\/vc_column_text][\/vc_column][\/vc_row][vc_row fullwidth=&#8220;yes&#8220; top_margin=&#8220;0&#8243; bottom_margin=&#8220;0&#8243; background_color=&#8220;#eff3fb&#8220; el_class=&#8220;FA-aligncenter&#8220;][vc_column][vc_column_text]\n<h2 style=\"text-align: center;\">Beispiele f\u00fcr IDM-Portal und IAM mit PowerShell<\/h2>\n<ul class=\"featureList\" style=\"text-align: center;\">\n<li class=\"tick\">Automatisierter <a href=\"https:\/\/www.active-directory-faq.de\/2019\/11\/mailversand-ueber-o365-automatisieren\/\" target=\"_blank\" rel=\"noopener\">Mail-Versand in M365 nach bestimmten Aktionen<\/a><\/li>\n<li class=\"tick\">Exchange oder Exchange online <a href=\"https:\/\/www.firstware.com\/de\/blog\/postfach-deaktivieren-mit-powershell\/\" target=\"_blank\" rel=\"noopener\">Postfach deaktivieren<\/a><\/li>\n<li class=\"tick\">Automatisierte <a href=\"https:\/\/www.firstware.com\/de\/blog\/optimierung-von-telefonnummern\/\" target=\"_blank\" rel=\"noopener\">Optimierung von Telefonnummern<\/a> im AD \/ M365<\/li>\n<li class=\"tick\">Auf Attributwerten basierte Aktionen der Berechtigungspflege durchf\u00fchren<\/li>\n<\/ul>\n[\/vc_column_text][vc_column_text]\n<p style=\"text-align: center;\"><strong>F\u00fcr viele Aufgaben bietet das IDM-Portal Standards. PowerShell erm\u00f6glicht Extras. <\/strong><\/p>\n[\/vc_column_text][\/vc_column][\/vc_row][vc_row][vc_column][vc_column_text]\n<h2>Der IDM-Portal Ansatz<\/h2>\n<p>FirstWare IDM-Portal ist eine webbasierte Software zum schnellen <a href=\"https:\/\/www.firstware.com\/de\/identity-management\/\" target=\"_blank\" rel=\"noopener\">Identity Management<\/a>.<\/p>\n<p class=\"absatz\"><strong>Sie nutzen Ihre vorhandene Infrastruktur<\/strong> und schonen Zeit, Geld und Nerven.<\/p>\n[\/vc_column_text][vc_column_text]\n<p><img decoding=\"async\" class=\"alignnone wp-image-15100\" title=\"IDM-Portal-Ansatz-2020\" src=\"https:\/\/www.firstware.com\/wp-content\/uploads\/2020\/12\/IDM-Portal-Ansatz-2020-1.png\" alt=\"IDM-Portal-Ansatz-2020\" width=\"620\" height=\"118\" \/><\/p>\n[\/vc_column_text][vc_row_inner][vc_column_inner width=&#8220;1\/3&#8243; offset=&#8220;vc_col-md-offset-1\/5 vc_col-md-1\/5&#8243;][vc_column_text el_class=&#8220;whitetext&#8220;]\n<p class=\"absatz\"><strong>Vorhandene IT-Infrastruktur nutzen<\/strong><\/p>\n<hr class=\"hrfade\" \/>\n<p>Sie ben\u00f6tigen:<\/p>\n<p><strong>Active Directory, M365, Entra ID<br \/>\n<\/strong><\/p>\n[\/vc_column_text][\/vc_column_inner][vc_column_inner width=&#8220;1\/3&#8243; offset=&#8220;vc_col-md-1\/5 vc_col-sm-offset-0&#8243;][vc_column_text el_class=&#8220;whitetext&#8220;]\n<p class=\"absatz\"><strong>Anwender in den Mittelpunkt setzen<\/strong><\/p>\n<hr class=\"hrfade\" \/>\n<p>Sie ben\u00f6tigen:<\/p>\n<p><strong>Ihre Anwender<\/strong>[\/vc_column_text][\/vc_column_inner][vc_column_inner width=&#8220;1\/3&#8243; offset=&#8220;vc_col-md-1\/5&#8243;][vc_column_text el_class=&#8220;whitetext&#8220;]<strong>IDM f\u00fcr Anwender <\/strong><\/p>\n<p class=\"absatz\"><strong>etablieren<\/strong><\/p>\n<hr class=\"hrfade\" \/>\n<p>Sie ben\u00f6tigen:<\/p>\n<p><strong>FirstWare IDM-Portal<\/strong>[\/vc_column_text][\/vc_column_inner][\/vc_row_inner][\/vc_column][\/vc_row][vc_row fullwidth=&#8220;yes&#8220; top_margin=&#8220;0&#8243; bottom_margin=&#8220;0&#8243; background_color=&#8220;#eff3fb&#8220;][vc_column][vc_column_text]\n<h2 class=\"absatz\">PowerShell-Integration: Selber machen oder Experten holen<\/h2>\n[\/vc_column_text][\/vc_column][vc_column width=&#8220;1\/2&#8243; el_class=&#8220;FA-alignleft force&#8220;][vc_column_text]\n<p class=\"absatz\">Wer sich mit der PowerShell etwas auskennt, kann eigene Skripte in die Prozesse integrieren und deren Ausf\u00fchrung mit dem IDM-Portal automatisieren. Die meisten Aufgaben, die das IDM-Portal durchf\u00fchrt, werden bei der Einrichtung zusammen mit den Spezialisten der <a href=\"https:\/\/www.firstattribute.com\/de\" target=\"_blank\" rel=\"noopener\">FirstAttribute<\/a> definiert.<\/p>\n[\/vc_column_text][\/vc_column][vc_column width=&#8220;1\/2&#8243; el_class=&#8220;FA-alignleft force&#8220;][vc_column_text]\n<p>Nat\u00fcrlich k\u00f6nnen Sie jederzeit Anpassungen vornehmen und die Funktionen erweitern. Ein besonderer Vorteil dabei besteht darin, dass Administratoren diese Aufgaben an Benutzer delegieren k\u00f6nnen. Aktionen, die im IDM-Portal durchgef\u00fchrt werden, protokolliert das Portal. Die Protokolle k\u00f6nnen bei <a href=\"https:\/\/www.firstware.com\/de\/compliance\/#audit\" target=\"_blank\" rel=\"noopener\">Audits<\/a> verwendet und auch zur \u00dcberwachung genutzt werden.<\/p>\n[\/vc_column_text][\/vc_column][\/vc_row][vc_row fullwidth=&#8220;yes&#8220; top_margin=&#8220;0&#8243; bottom_margin=&#8220;0&#8243; background_color=&#8220;#ffffff&#8220; css=&#8220;.vc_custom_1633688269438{margin-bottom: -50px !important;}&#8220;][vc_column][vc_column_text]\n<h2>Kontakt<\/h2>\n<p class=\"absatz\">Sie erreichen uns unter<\/p>\n<p class=\"absatz\" style=\"color: #003a93; font-size: 1.2em; font-style: 800;\"><a href=\"tel:+4981969984330\">+49 81 969 984 330<\/a><\/p>\n<p class=\"absatz\">oder \u00fcber unser<\/p>\n[\/vc_column_text][vc_column_text]<a href=\"https:\/\/www.firstware.com\/de\/kontakt\/\"><button class=\"ButtonBeratung aligncenter\">Kontaktformular<\/button><\/a>[\/vc_column_text][\/vc_column][\/vc_row]\n<\/div>","protected":false},"excerpt":{"rendered":"<p>[vc_row fullwidth=&#8220;yes&#8220; fw_columns=&#8220;yes&#8220; top_margin=&#8220;0&#8243; bottom_margin=&#8220;0&#8243; css=&#8220;.vc_custom_1509552904124{margin-top: -50px !important;}&#8220;][vc_column css=&#8220;.vc_custom_1506587559620{padding-right: 0px !important;padding-left: 0px !important;}&#8220;][vc_single_image image=&#8220;15117&#8243; img_size=&#8220;full&#8220; alignment=&#8220;center&#8220;][\/vc_column][\/vc_row][vc_row top_margin=&#8220;0&#8243; bottom_margin=&#8220;0&#8243; css=&#8220;.vc_custom_1608210852443{margin-top: -20px [&hellip;]<\/p>\n","protected":false},"author":18,"featured_media":0,"parent":36249,"menu_order":0,"comment_status":"closed","ping_status":"closed","template":"","meta":{"_monsterinsights_skip_tracking":false,"_monsterinsights_sitenote_active":false,"_monsterinsights_sitenote_note":"","_monsterinsights_sitenote_category":0,"footnotes":""},"class_list":["post-36253","page","type-page","status-publish","hentry"],"yoast_head":"<!-- This site is optimized with the Yoast SEO plugin v27.3 - https:\/\/yoast.com\/product\/yoast-seo-wordpress\/ -->\n<title>PowerShell IAM - FirstWare IDM-Portal - AD\/Entra ID\/M365 Automatisierung<\/title>\n<meta name=\"description\" content=\"PowerShell in IAM einbinden | Eine Oberfl\u00e4che f\u00fcr alle Systeme (AD\/Entra ID\/M365) | Skripte f\u00fcr hohe Anwenderfreundlichkeit + schnelles Arbeiten.\" \/>\n<meta name=\"robots\" content=\"index, follow, max-snippet:-1, max-image-preview:large, max-video-preview:-1\" \/>\n<link rel=\"canonical\" href=\"https:\/\/www.firstware.com\/de\/systeme\/powershell-iam\/\" \/>\n<meta property=\"og:locale\" content=\"de_DE\" \/>\n<meta property=\"og:type\" content=\"article\" \/>\n<meta property=\"og:title\" content=\"PowerShell IAM - FirstWare IDM-Portal - AD\/Entra ID\/M365 Automatisierung\" \/>\n<meta property=\"og:description\" content=\"PowerShell in IAM einbinden | Eine Oberfl\u00e4che f\u00fcr alle Systeme (AD\/Entra ID\/M365) | Skripte f\u00fcr hohe Anwenderfreundlichkeit + schnelles Arbeiten.\" \/>\n<meta property=\"og:url\" content=\"https:\/\/www.firstware.com\/de\/systeme\/powershell-iam\/\" \/>\n<meta property=\"og:site_name\" content=\"FirstWare IDM-Portal\" \/>\n<meta property=\"og:image\" content=\"https:\/\/www.firstware.com\/wp-content\/uploads\/2019\/06\/PowerShell-Provider.png\" \/>\n\t<meta property=\"og:image:width\" content=\"200\" \/>\n\t<meta property=\"og:image:height\" content=\"200\" \/>\n\t<meta property=\"og:image:type\" content=\"image\/png\" \/>\n<meta name=\"twitter:label1\" content=\"Gesch\u00e4tzte Lesezeit\" \/>\n\t<meta name=\"twitter:data1\" content=\"5\u00a0Minuten\" \/>\n<script type=\"application\/ld+json\" class=\"yoast-schema-graph\">{\"@context\":\"https:\\\/\\\/schema.org\",\"@graph\":[{\"@type\":\"WebPage\",\"@id\":\"https:\\\/\\\/www.firstware.com\\\/de\\\/systeme\\\/powershell-iam\\\/\",\"url\":\"https:\\\/\\\/www.firstware.com\\\/de\\\/systeme\\\/powershell-iam\\\/\",\"name\":\"PowerShell IAM - FirstWare IDM-Portal - AD\\\/Entra ID\\\/M365 Automatisierung\",\"isPartOf\":{\"@id\":\"https:\\\/\\\/www.firstware.com\\\/en\\\/#website\"},\"primaryImageOfPage\":{\"@id\":\"https:\\\/\\\/www.firstware.com\\\/de\\\/systeme\\\/powershell-iam\\\/#primaryimage\"},\"image\":{\"@id\":\"https:\\\/\\\/www.firstware.com\\\/de\\\/systeme\\\/powershell-iam\\\/#primaryimage\"},\"thumbnailUrl\":\"https:\\\/\\\/www.firstware.com\\\/wp-content\\\/uploads\\\/2019\\\/06\\\/PowerShell-Provider.png\",\"description\":\"PowerShell in IAM einbinden | Eine Oberfl\u00e4che f\u00fcr alle Systeme (AD\\\/Entra ID\\\/M365) | Skripte f\u00fcr hohe Anwenderfreundlichkeit + schnelles Arbeiten.\",\"breadcrumb\":{\"@id\":\"https:\\\/\\\/www.firstware.com\\\/de\\\/systeme\\\/powershell-iam\\\/#breadcrumb\"},\"inLanguage\":\"de\",\"potentialAction\":[{\"@type\":\"ReadAction\",\"target\":[\"https:\\\/\\\/www.firstware.com\\\/de\\\/systeme\\\/powershell-iam\\\/\"]}]},{\"@type\":\"ImageObject\",\"inLanguage\":\"de\",\"@id\":\"https:\\\/\\\/www.firstware.com\\\/de\\\/systeme\\\/powershell-iam\\\/#primaryimage\",\"url\":\"https:\\\/\\\/www.firstware.com\\\/wp-content\\\/uploads\\\/2019\\\/06\\\/PowerShell-Provider.png\",\"contentUrl\":\"https:\\\/\\\/www.firstware.com\\\/wp-content\\\/uploads\\\/2019\\\/06\\\/PowerShell-Provider.png\"},{\"@type\":\"BreadcrumbList\",\"@id\":\"https:\\\/\\\/www.firstware.com\\\/de\\\/systeme\\\/powershell-iam\\\/#breadcrumb\",\"itemListElement\":[{\"@type\":\"ListItem\",\"position\":1,\"name\":\"Startseite\",\"item\":\"https:\\\/\\\/www.firstware.com\\\/de\\\/\"},{\"@type\":\"ListItem\",\"position\":2,\"name\":\"Systeme\",\"item\":\"https:\\\/\\\/www.firstware.com\\\/de\\\/systeme\\\/\"},{\"@type\":\"ListItem\",\"position\":3,\"name\":\"PowerShell IAM\"}]},{\"@type\":\"WebSite\",\"@id\":\"https:\\\/\\\/www.firstware.com\\\/en\\\/#website\",\"url\":\"https:\\\/\\\/www.firstware.com\\\/en\\\/\",\"name\":\"FirstWare IDM-Portal\",\"description\":\"Identity and Autorization Management in M365 and Active Directory\",\"publisher\":{\"@id\":\"https:\\\/\\\/www.firstware.com\\\/en\\\/#organization\"},\"potentialAction\":[{\"@type\":\"SearchAction\",\"target\":{\"@type\":\"EntryPoint\",\"urlTemplate\":\"https:\\\/\\\/www.firstware.com\\\/en\\\/?s={search_term_string}\"},\"query-input\":{\"@type\":\"PropertyValueSpecification\",\"valueRequired\":true,\"valueName\":\"search_term_string\"}}],\"inLanguage\":\"de\"},{\"@type\":\"Organization\",\"@id\":\"https:\\\/\\\/www.firstware.com\\\/en\\\/#organization\",\"name\":\"FirstWare IDM-Portal\",\"url\":\"https:\\\/\\\/www.firstware.com\\\/en\\\/\",\"logo\":{\"@type\":\"ImageObject\",\"inLanguage\":\"de\",\"@id\":\"https:\\\/\\\/www.firstware.com\\\/en\\\/#\\\/schema\\\/logo\\\/image\\\/\",\"url\":\"https:\\\/\\\/www.firstware.com\\\/wp-content\\\/uploads\\\/2019\\\/06\\\/IDM-Portal.ico\",\"contentUrl\":\"https:\\\/\\\/www.firstware.com\\\/wp-content\\\/uploads\\\/2019\\\/06\\\/IDM-Portal.ico\",\"width\":1,\"height\":1,\"caption\":\"FirstWare IDM-Portal\"},\"image\":{\"@id\":\"https:\\\/\\\/www.firstware.com\\\/en\\\/#\\\/schema\\\/logo\\\/image\\\/\"}}]}<\/script>\n<!-- \/ Yoast SEO plugin. -->","yoast_head_json":{"title":"PowerShell IAM - FirstWare IDM-Portal - AD\/Entra ID\/M365 Automatisierung","description":"PowerShell in IAM einbinden | Eine Oberfl\u00e4che f\u00fcr alle Systeme (AD\/Entra ID\/M365) | Skripte f\u00fcr hohe Anwenderfreundlichkeit + schnelles Arbeiten.","robots":{"index":"index","follow":"follow","max-snippet":"max-snippet:-1","max-image-preview":"max-image-preview:large","max-video-preview":"max-video-preview:-1"},"canonical":"https:\/\/www.firstware.com\/de\/systeme\/powershell-iam\/","og_locale":"de_DE","og_type":"article","og_title":"PowerShell IAM - FirstWare IDM-Portal - AD\/Entra ID\/M365 Automatisierung","og_description":"PowerShell in IAM einbinden | Eine Oberfl\u00e4che f\u00fcr alle Systeme (AD\/Entra ID\/M365) | Skripte f\u00fcr hohe Anwenderfreundlichkeit + schnelles Arbeiten.","og_url":"https:\/\/www.firstware.com\/de\/systeme\/powershell-iam\/","og_site_name":"FirstWare IDM-Portal","og_image":[{"width":200,"height":200,"url":"https:\/\/www.firstware.com\/wp-content\/uploads\/2019\/06\/PowerShell-Provider.png","type":"image\/png"}],"twitter_misc":{"Gesch\u00e4tzte Lesezeit":"5\u00a0Minuten"},"schema":{"@context":"https:\/\/schema.org","@graph":[{"@type":"WebPage","@id":"https:\/\/www.firstware.com\/de\/systeme\/powershell-iam\/","url":"https:\/\/www.firstware.com\/de\/systeme\/powershell-iam\/","name":"PowerShell IAM - FirstWare IDM-Portal - AD\/Entra ID\/M365 Automatisierung","isPartOf":{"@id":"https:\/\/www.firstware.com\/en\/#website"},"primaryImageOfPage":{"@id":"https:\/\/www.firstware.com\/de\/systeme\/powershell-iam\/#primaryimage"},"image":{"@id":"https:\/\/www.firstware.com\/de\/systeme\/powershell-iam\/#primaryimage"},"thumbnailUrl":"https:\/\/www.firstware.com\/wp-content\/uploads\/2019\/06\/PowerShell-Provider.png","description":"PowerShell in IAM einbinden | Eine Oberfl\u00e4che f\u00fcr alle Systeme (AD\/Entra ID\/M365) | Skripte f\u00fcr hohe Anwenderfreundlichkeit + schnelles Arbeiten.","breadcrumb":{"@id":"https:\/\/www.firstware.com\/de\/systeme\/powershell-iam\/#breadcrumb"},"inLanguage":"de","potentialAction":[{"@type":"ReadAction","target":["https:\/\/www.firstware.com\/de\/systeme\/powershell-iam\/"]}]},{"@type":"ImageObject","inLanguage":"de","@id":"https:\/\/www.firstware.com\/de\/systeme\/powershell-iam\/#primaryimage","url":"https:\/\/www.firstware.com\/wp-content\/uploads\/2019\/06\/PowerShell-Provider.png","contentUrl":"https:\/\/www.firstware.com\/wp-content\/uploads\/2019\/06\/PowerShell-Provider.png"},{"@type":"BreadcrumbList","@id":"https:\/\/www.firstware.com\/de\/systeme\/powershell-iam\/#breadcrumb","itemListElement":[{"@type":"ListItem","position":1,"name":"Startseite","item":"https:\/\/www.firstware.com\/de\/"},{"@type":"ListItem","position":2,"name":"Systeme","item":"https:\/\/www.firstware.com\/de\/systeme\/"},{"@type":"ListItem","position":3,"name":"PowerShell IAM"}]},{"@type":"WebSite","@id":"https:\/\/www.firstware.com\/en\/#website","url":"https:\/\/www.firstware.com\/en\/","name":"FirstWare IDM-Portal","description":"Identity and Autorization Management in M365 and Active Directory","publisher":{"@id":"https:\/\/www.firstware.com\/en\/#organization"},"potentialAction":[{"@type":"SearchAction","target":{"@type":"EntryPoint","urlTemplate":"https:\/\/www.firstware.com\/en\/?s={search_term_string}"},"query-input":{"@type":"PropertyValueSpecification","valueRequired":true,"valueName":"search_term_string"}}],"inLanguage":"de"},{"@type":"Organization","@id":"https:\/\/www.firstware.com\/en\/#organization","name":"FirstWare IDM-Portal","url":"https:\/\/www.firstware.com\/en\/","logo":{"@type":"ImageObject","inLanguage":"de","@id":"https:\/\/www.firstware.com\/en\/#\/schema\/logo\/image\/","url":"https:\/\/www.firstware.com\/wp-content\/uploads\/2019\/06\/IDM-Portal.ico","contentUrl":"https:\/\/www.firstware.com\/wp-content\/uploads\/2019\/06\/IDM-Portal.ico","width":1,"height":1,"caption":"FirstWare IDM-Portal"},"image":{"@id":"https:\/\/www.firstware.com\/en\/#\/schema\/logo\/image\/"}}]}},"_links":{"self":[{"href":"https:\/\/www.firstware.com\/de\/wp-json\/wp\/v2\/pages\/36253","targetHints":{"allow":["GET"]}}],"collection":[{"href":"https:\/\/www.firstware.com\/de\/wp-json\/wp\/v2\/pages"}],"about":[{"href":"https:\/\/www.firstware.com\/de\/wp-json\/wp\/v2\/types\/page"}],"author":[{"embeddable":true,"href":"https:\/\/www.firstware.com\/de\/wp-json\/wp\/v2\/users\/18"}],"replies":[{"embeddable":true,"href":"https:\/\/www.firstware.com\/de\/wp-json\/wp\/v2\/comments?post=36253"}],"version-history":[{"count":1,"href":"https:\/\/www.firstware.com\/de\/wp-json\/wp\/v2\/pages\/36253\/revisions"}],"predecessor-version":[{"id":49506,"href":"https:\/\/www.firstware.com\/de\/wp-json\/wp\/v2\/pages\/36253\/revisions\/49506"}],"up":[{"embeddable":true,"href":"https:\/\/www.firstware.com\/de\/wp-json\/wp\/v2\/pages\/36249"}],"wp:attachment":[{"href":"https:\/\/www.firstware.com\/de\/wp-json\/wp\/v2\/media?parent=36253"}],"curies":[{"name":"wp","href":"https:\/\/api.w.org\/{rel}","templated":true}]}}