{"id":36102,"date":"2021-07-06T13:37:12","date_gmt":"2021-07-06T13:37:12","guid":{"rendered":"https:\/\/staging.firstware.com\/?page_id=36102"},"modified":"2025-12-19T11:33:18","modified_gmt":"2025-12-19T10:33:18","slug":"ueber-uns","status":"publish","type":"page","link":"https:\/\/www.firstware.com\/de\/ueber-uns\/","title":{"rendered":"\u00dcber uns"},"content":{"rendered":"<div class=\"wpb-content-wrapper\">[vc_row fullwidth=&#8220;yes&#8220; fw_columns=&#8220;yes&#8220; top_margin=&#8220;0&#8243; bottom_margin=&#8220;0&#8243; css=&#8220;.vc_custom_1506587709473{margin-top: -50px !important;padding-right: 0px !important;padding-left: 0px !important;}&#8220;][vc_column css=&#8220;.vc_custom_1506587559620{padding-right: 0px !important;padding-left: 0px !important;}&#8220;][vc_single_image image=&#8220;10544&#8243; img_size=&#8220;full&#8220; alignment=&#8220;center&#8220;][\/vc_column][\/vc_row][vc_row top_margin=&#8220;0&#8243; bottom_margin=&#8220;0&#8243; css=&#8220;.vc_custom_1506437070493{margin-top: -20px !important;}&#8220;][vc_column][vc_column_text css=&#8220;.vc_custom_1754038495580{padding-top: 15px !important;}&#8220; el_class=&#8220;p&#8220;]\n<h1 style=\"text-align: center;\">Die FirstAttribute<\/h1>\n[\/vc_column_text][\/vc_column][vc_column][vc_column_text css=&#8220;&#8220;]\n<p>Wir gestalten Identit\u00e4tsmanagement sicher, effizient und zukunftsf\u00e4hig.<br \/>\nMit innovativen L\u00f6sungen schaffen wir Klarheit und Vertrauen in digitalen Prozessen.<\/p>\n[\/vc_column_text][\/vc_column][\/vc_row][vc_row fullwidth=&#8220;yes&#8220; bottom_margin=&#8220;0&#8243; background_color=&#8220;#eff5ff&#8220;][vc_column][vc_column_text css=&#8220;&#8220;]\n<h2 class=\"absatz\">Unser Unternehmen<\/h2>\n<p><img decoding=\"async\" class=\"alignnone wp-image-47882 size-medium\" title=\"FirstAttribute Logo\" src=\"https:\/\/firstware.com\/wp-content\/uploads\/2025\/08\/FIRSTATTRIBUTE-Logo2013-final-300x62.png\" alt=\"FirstAttribute Logo\" width=\"300\" height=\"62\" srcset=\"https:\/\/www.firstware.com\/wp-content\/uploads\/2025\/08\/FIRSTATTRIBUTE-Logo2013-final-300x62.png 300w, https:\/\/www.firstware.com\/wp-content\/uploads\/2025\/08\/FIRSTATTRIBUTE-Logo2013-final.png 483w\" sizes=\"(max-width: 300px) 100vw, 300px\" \/><\/p>\n[\/vc_column_text][\/vc_column][vc_column width=&#8220;2\/3&#8243; css=&#8220;.vc_custom_1757323369658{padding-right: 45px !important;}&#8220;][vc_column_text css=&#8220;&#8220;]\n<p class=\"absatz\" style=\"text-align: left;\">Wir sind die <a href=\"https:\/\/www.firstattribute.com\/de\/\" target=\"_blank\" rel=\"noopener\">FirstAttribute AG<\/a>, ein <strong>unabh\u00e4ngiges deutsches Cloud Service- und Software-Unternehmen<\/strong> aus Hofstetten am Ammersee und Dresden.<\/p>\n<p class=\"absatz\" style=\"text-align: left;\">Seit vielen Jahren entwickeln wir <strong>innovative IT-L\u00f6sungen <\/strong>und<strong> leistungsstarke Cloud Services<\/strong>\u00a0im Bereich <strong>Identity &amp; Access Management (IAM).<\/strong><\/p>\n<p class=\"absatz\" style=\"text-align: left;\">Unsere L\u00f6sungen unterst\u00fctzen Unternehmen bei der sicheren und effizienten Verwaltung digitaler Identit\u00e4ten \u00fcber verschiedene Systeme und Plattformen hinweg.<\/p>\n<p class=\"absatz\" style=\"text-align: left;\">Im Fokus stehen f\u00fcr uns<strong> echte Anwendern\u00e4he, partnerschaftliches Miteinander und fundiertes Know-how <\/strong>\u2013 jeden Tag.<\/p>\n[\/vc_column_text][\/vc_column][vc_column width=&#8220;1\/3&#8243; el_class=&#8220;runde-ecken&#8220; css=&#8220;.vc_custom_1757322972757{background-color: #9A9A9A !important;border-radius: 15px !important;}&#8220;][vc_column_text css=&#8220;.vc_custom_1757323575305{padding-left: 15px !important;}&#8220; el_class=&#8220;runde-ecken&#8220;]\n<p class=\"absatz\"><span style=\"color: #ffffff;\">Wir sind Experten f\u00fcr:<\/span><\/p>\n<ul class=\"featureList\">\n<li class=\"tick textbold\"><span style=\"color: #ffffff;\"><strong>Identity &amp; Access Management<\/strong><\/span><\/li>\n<li class=\"tick textbold\"><span style=\"color: #ffffff;\"><strong>Verteiltes Identit\u00e4tsmanagement<\/strong><\/span><\/li>\n<li class=\"tick textbold\"><span style=\"color: #ffffff;\"><strong>Cloud Transition &amp; Digitalisierung<\/strong><\/span><\/li>\n<li class=\"tick textbold\"><span style=\"color: #ffffff;\"><strong>Entra ID\/M365 &amp; AD<\/strong><\/span><\/li>\n<\/ul>\n[\/vc_column_text][\/vc_column][\/vc_row][vc_row fullwidth=&#8220;yes&#8220; bottom_margin=&#8220;0&#8243; background_color=&#8220;#FFFFFF&#8220;][vc_column][vc_column_text css=&#8220;&#8220;]\n<h2 class=\"absatz\">Gemeinsam f\u00fcr starke IT-L\u00f6sungen<\/h2>\n[\/vc_column_text][\/vc_column][vc_column width=&#8220;1\/2&#8243;][vc_column_text css=&#8220;.vc_custom_1766140370071{padding-right: 35px !important;}&#8220;]\n<p><a href=\"https:\/\/www.firstware.com\/wp-content\/uploads\/2025\/12\/FirstAttribute-Besprechung-in-Hofstetten.jpg\" data-rel=\"lightbox-image-0\" data-rl_title=\"\" data-rl_caption=\"\"><img decoding=\"async\" class=\"imgshadow alignnone wp-image-49206 size-full\" title=\"\" src=\"https:\/\/www.firstware.com\/wp-content\/uploads\/2025\/12\/FirstAttribute-Besprechung-in-Hofstetten.jpg\" alt=\"\" width=\"1000\" height=\"667\" srcset=\"https:\/\/www.firstware.com\/wp-content\/uploads\/2025\/12\/FirstAttribute-Besprechung-in-Hofstetten.jpg 1000w, https:\/\/www.firstware.com\/wp-content\/uploads\/2025\/12\/FirstAttribute-Besprechung-in-Hofstetten-300x200.jpg 300w, https:\/\/www.firstware.com\/wp-content\/uploads\/2025\/12\/FirstAttribute-Besprechung-in-Hofstetten-768x512.jpg 768w\" sizes=\"(max-width: 1000px) 100vw, 1000px\" \/><\/a><\/p>\n[\/vc_column_text][\/vc_column][vc_column width=&#8220;1\/2&#8243;][vc_column_text css=&#8220;&#8220;]\n<p class=\"absatz\" style=\"text-align: left;\">Bei FirstAttribute vereinen wir ein <strong>Team aus erfahrenen Entwicklern und Experten<\/strong>, die ihr Wissen in den Bereichen Identit\u00e4tsmanagement, Cloud-Technologien und IT-Sicherheit t\u00e4glich einbringen. So entstehen ma\u00dfgeschneiderte L\u00f6sungen, die den Anforderungen moderner IT-Umgebungen gerecht werden.<\/p>\n<p class=\"absatz\" style=\"text-align: left;\">Unser Ziel ist es, <strong>Innovationen voranzutreiben<\/strong>, die den Arbeitsalltag von IT-Teams nicht nur erleichtern, sondern auch <strong>nachhaltige Mehrwerte<\/strong> schaffen.<\/p>\n<p class=\"absatz\" style=\"text-align: left;\">Dabei legen wir gro\u00dfen Wert auf Teamgeist, offene Kommunikation und eine partnerschaftliche Zusammenarbeit \u2013 intern genauso wie mit unseren Kunden.<\/p>\n[\/vc_column_text][\/vc_column][\/vc_row][vc_row fullwidth=&#8220;yes&#8220; top_margin=&#8220;0&#8243; bottom_margin=&#8220;0&#8243; background_color=&#8220;#EFF5FF&#8220;][vc_column][vc_column_text css=&#8220;&#8220;]\n<h2>Unsere Standorte<\/h2>\n[\/vc_column_text][\/vc_column][vc_column width=&#8220;1\/2&#8243; css=&#8220;.vc_custom_1758886574793{padding-right: -50px !important;}&#8220;][vc_column_text css=&#8220;&#8220;]\n<p class=\"absatz\" style=\"text-align: left;\">Die FirstAttribute AG hat ihren Hauptsitz in Hofstetten am Ammersee bei M\u00fcnchen und ist daneben mit wichtigen Standorten in Dresden, M\u00fcnster und der Region Frankfurt vertreten.<\/p>\n<p class=\"absatz\" style=\"text-align: left;\">Erg\u00e4nzt wird das Netzwerk durch leistungsstarke Partner, die eine umfassende Betreuung in Deutschland und der gesamten DACH-Region sicherstellen.<\/p>\n<p class=\"absatz\" style=\"text-align: left;\">So garantiert FirstAttribute eine optimale und flexible Unterst\u00fctzung f\u00fcr nationale und internationale Kunden \u2013 mit hochwertigen Cloud-Services, Softwarel\u00f6sungen und Services.<\/p>\n[\/vc_column_text][\/vc_column][vc_column width=&#8220;1\/2&#8243; css=&#8220;.vc_custom_1758886546168{padding-left: -35px !important;}&#8220;][vc_column_text css=&#8220;&#8220;]\n<p><a href=\"https:\/\/www.firstware.com\/wp-content\/uploads\/2025\/12\/Karte_DE_2025.png\" data-rel=\"lightbox-image-1\" data-rl_title=\"\" data-rl_caption=\"\"><img decoding=\"async\" class=\"alignnone wp-image-49211 size-full\" title=\"\" src=\"https:\/\/www.firstware.com\/wp-content\/uploads\/2025\/12\/Karte_DE_2025.png\" alt=\"\" width=\"360\" height=\"476\" srcset=\"https:\/\/www.firstware.com\/wp-content\/uploads\/2025\/12\/Karte_DE_2025.png 360w, https:\/\/www.firstware.com\/wp-content\/uploads\/2025\/12\/Karte_DE_2025-227x300.png 227w\" sizes=\"(max-width: 360px) 100vw, 360px\" \/><\/a><\/p>\n[\/vc_column_text][\/vc_column][\/vc_row][vc_row fullwidth=&#8220;yes&#8220; top_margin=&#8220;0&#8243; bottom_margin=&#8220;0&#8243; background_color=&#8220;#FFFFFF&#8220;][vc_column][vc_column_text css=&#8220;&#8220;]\n<h2>Unsere L\u00f6sungen<\/h2>\n[\/vc_column_text][\/vc_column][vc_column width=&#8220;1\/2&#8243;][vc_column_text css=&#8220;&#8220;]\n<p><img decoding=\"async\" class=\"alignnone wp-image-47909\" title=\"Cloud Services und IT-L\u00f6sungen der FirstAttribute AG\" src=\"https:\/\/firstware.com\/wp-content\/uploads\/2025\/08\/Software-und-Cloud-Services-der-FirstAttribute-300x244.png\" alt=\"Cloud Services und IT-L\u00f6sungen der FirstAttribute AG\" width=\"400\" height=\"326\" srcset=\"https:\/\/www.firstware.com\/wp-content\/uploads\/2025\/08\/Software-und-Cloud-Services-der-FirstAttribute-300x244.png 300w, https:\/\/www.firstware.com\/wp-content\/uploads\/2025\/08\/Software-und-Cloud-Services-der-FirstAttribute-1024x834.png 1024w, https:\/\/www.firstware.com\/wp-content\/uploads\/2025\/08\/Software-und-Cloud-Services-der-FirstAttribute-768x625.png 768w, https:\/\/www.firstware.com\/wp-content\/uploads\/2025\/08\/Software-und-Cloud-Services-der-FirstAttribute-1536x1251.png 1536w, https:\/\/www.firstware.com\/wp-content\/uploads\/2025\/08\/Software-und-Cloud-Services-der-FirstAttribute.png 1681w\" sizes=\"(max-width: 400px) 100vw, 400px\" \/><\/p>\n[\/vc_column_text][\/vc_column][vc_column width=&#8220;1\/2&#8243;][vc_column_text css=&#8220;&#8220;]\n<p class=\"absatz\" style=\"text-align: left;\">Zu unserem Portfolio geh\u00f6ren:<\/p>\n<ul>\n<li class=\"absatz\" style=\"text-align: left;\"><strong>Identity &amp; Access Management-L\u00f6sung<\/strong><strong><strong><strong><br \/>\n\ud83d\udc49 <a href=\"https:\/\/firstware.com\/\" target=\"_blank\" rel=\"noopener\">FirstWare IDM-Portal<\/a><\/strong><\/strong><\/strong><\/li>\n<li class=\"absatz\" style=\"text-align: left;\"><strong>Cloud-Plattform f\u00fcr verteiltes Identity Management<\/strong><strong><br \/>\n\ud83d\udc49 <a href=\"https:\/\/my-iam.com\/de\/\" target=\"_blank\" rel=\"noopener\">my-IAM platform<\/a><\/strong><\/li>\n<\/ul>\n<ul>\n<li class=\"absatz\" style=\"text-align: left;\"><strong>Administrator-Services<\/strong><strong><br \/>\n\ud83d\udc49 <a href=\"https:\/\/www.dynamicgroup.net\/\" target=\"_blank\" rel=\"noopener\">DynamicGroup f\u00fcr AD<\/a> <\/strong>und<strong><br \/>\n\ud83d\udc49 <a href=\"https:\/\/www.dynamicgroup.net\/de\/dynamicsync\/\" target=\"_blank\" rel=\"noopener\">DynamicSync f\u00fcr Entra ID<\/a><\/strong>.<\/li>\n<\/ul>\n[\/vc_column_text][\/vc_column][\/vc_row][vc_row fullwidth=&#8220;yes&#8220; top_margin=&#8220;0&#8243; bottom_margin=&#8220;0&#8243; background_color=&#8220;rgba(97,139,212,0.1)&#8220;][vc_column][vc_column_text css=&#8220;&#8220;]\n<h2>\u00dcber uns &#8211; Firmengeschichte<\/h2>\n[\/vc_column_text][\/vc_column][vc_column width=&#8220;1\/2&#8243;][vc_column_text css=&#8220;&#8220;]\n<p class=\"absatz\" style=\"text-align: left;\">Die FirstAttribute AG wurde 2001 gegr\u00fcndet und begann als spezialisierter Dienstleister f\u00fcr Active Directory Migrationen und -Consulting.<\/p>\n<p class=\"absatz\" style=\"text-align: left;\">Heute bieten wir moderne Cloud Services und ma\u00dfgeschneiderte L\u00f6sungen im Identit\u00e4ts- und Berechtigungsmanagement an, die Unternehmen helfen, hybride und cloudbasierte IT-Umgebungen effizient, sicher und zukunftssicher zu steuern.<\/p>\n<p class=\"absatz\" style=\"text-align: left;\">Unser Anspruch ist es, IT-Teams zu entlasten und echten Mehrwert zu schaffen \u2013 praxisnah, flexibel und verl\u00e4sslich.<\/p>\n<p class=\"absatz\" style=\"text-align: left;\">Mehr \u00fcber unsere Geschichte und Entwicklung erfahren Sie auf unserer <a href=\"https:\/\/www.firstattribute.com\/de\/\" target=\"_blank\" rel=\"noopener\">Unternehmens-Website<\/a>.<\/p>\n[\/vc_column_text][\/vc_column][vc_column width=&#8220;1\/2&#8243;]<div class=\"shortcode-wrapper shortcode-spacer clearfix\"><div class=\"spacer\" style=\"height:30px;\"><\/div><\/div>[vc_column_text css=&#8220;&#8220;]\n<p><img decoding=\"async\" class=\"imgshadow alignnone wp-image-47919\" title=\"\u00dcber uns - Firmengeschichte\" src=\"https:\/\/firstware.com\/wp-content\/uploads\/2025\/08\/Ueber-uns-FirstAttribute-AG-Logo-1024x768.jpg\" alt=\"\u00dcber uns - Firmengeschichte\" width=\"400\" height=\"300\" srcset=\"https:\/\/www.firstware.com\/wp-content\/uploads\/2025\/08\/Ueber-uns-FirstAttribute-AG-Logo-1024x768.jpg 1024w, https:\/\/www.firstware.com\/wp-content\/uploads\/2025\/08\/Ueber-uns-FirstAttribute-AG-Logo-300x225.jpg 300w, https:\/\/www.firstware.com\/wp-content\/uploads\/2025\/08\/Ueber-uns-FirstAttribute-AG-Logo-768x576.jpg 768w, https:\/\/www.firstware.com\/wp-content\/uploads\/2025\/08\/Ueber-uns-FirstAttribute-AG-Logo-1536x1152.jpg 1536w, https:\/\/www.firstware.com\/wp-content\/uploads\/2025\/08\/Ueber-uns-FirstAttribute-AG-Logo.jpg 1600w\" sizes=\"(max-width: 400px) 100vw, 400px\" \/><\/p>\n[\/vc_column_text][\/vc_column][\/vc_row][vc_row fullwidth=&#8220;yes&#8220; bottom_margin=&#8220;-60&#8243;][vc_column][vc_column_text]\n<h2>Kontakt<\/h2>\n<p class=\"absatz\">Sie erreichen uns unter<\/p>\n<p class=\"absatz\" style=\"color: #003a93; font-size: 1.2em; font-style: 800;\"><a href=\"tel:+4981969984330\">+49 81 969 984 330<\/a><\/p>\n<p class=\"absatz\">oder \u00fcber unser<\/p>\n[\/vc_column_text][vc_column_text]\n<p><a href=\"https:\/\/firstware.com\/kontakt\/\"><button class=\"ButtonBeratung aligncenter\">Kontaktformular<\/button><\/a><\/p>\n[\/vc_column_text][\/vc_column][\/vc_row]\n<\/div>","protected":false},"excerpt":{"rendered":"<p>[vc_row fullwidth=&#8220;yes&#8220; fw_columns=&#8220;yes&#8220; top_margin=&#8220;0&#8243; bottom_margin=&#8220;0&#8243; css=&#8220;.vc_custom_1506587709473{margin-top: -50px !important;padding-right: 0px !important;padding-left: 0px !important;}&#8220;][vc_column css=&#8220;.vc_custom_1506587559620{padding-right: 0px !important;padding-left: 0px !important;}&#8220;][vc_single_image image=&#8220;10544&#8243; img_size=&#8220;full&#8220; alignment=&#8220;center&#8220;][\/vc_column][\/vc_row][vc_row [&hellip;]<\/p>\n","protected":false},"author":18,"featured_media":0,"parent":0,"menu_order":0,"comment_status":"closed","ping_status":"closed","template":"","meta":{"_monsterinsights_skip_tracking":false,"_monsterinsights_sitenote_active":false,"_monsterinsights_sitenote_note":"","_monsterinsights_sitenote_category":0,"footnotes":""},"class_list":["post-36102","page","type-page","status-publish","hentry"],"yoast_head":"<!-- This site is optimized with the Yoast SEO plugin v27.3 - https:\/\/yoast.com\/product\/yoast-seo-wordpress\/ -->\n<title>\u00dcber uns - FirstAttribute AG<\/title>\n<meta name=\"description\" content=\"Die FirstAttribute AG unterst\u00fctzt Unternehmen mit effizienten IT- und Cloud-L\u00f6sungen f\u00fcr Identity &amp; Access Management (IAM).\" \/>\n<meta name=\"robots\" content=\"index, follow, max-snippet:-1, max-image-preview:large, max-video-preview:-1\" \/>\n<link rel=\"canonical\" href=\"https:\/\/www.firstware.com\/de\/ueber-uns\/\" \/>\n<meta property=\"og:locale\" content=\"de_DE\" \/>\n<meta property=\"og:type\" content=\"article\" \/>\n<meta property=\"og:title\" content=\"\u00dcber uns - FirstAttribute AG\" \/>\n<meta property=\"og:description\" content=\"Die FirstAttribute AG unterst\u00fctzt Unternehmen mit effizienten IT- und Cloud-L\u00f6sungen f\u00fcr Identity &amp; Access Management (IAM).\" \/>\n<meta property=\"og:url\" content=\"https:\/\/www.firstware.com\/de\/ueber-uns\/\" \/>\n<meta property=\"og:site_name\" content=\"FirstWare IDM-Portal\" \/>\n<meta property=\"og:image\" content=\"https:\/\/firstware.com\/wp-content\/uploads\/2025\/08\/FIRSTATTRIBUTE-Logo2013-final-300x62.png\" \/>\n<meta name=\"twitter:label1\" content=\"Gesch\u00e4tzte Lesezeit\" \/>\n\t<meta name=\"twitter:data1\" content=\"4\u00a0Minuten\" \/>\n<script type=\"application\/ld+json\" class=\"yoast-schema-graph\">{\"@context\":\"https:\\\/\\\/schema.org\",\"@graph\":[{\"@type\":\"WebPage\",\"@id\":\"https:\\\/\\\/www.firstware.com\\\/de\\\/ueber-uns\\\/\",\"url\":\"https:\\\/\\\/www.firstware.com\\\/de\\\/ueber-uns\\\/\",\"name\":\"\u00dcber uns - FirstAttribute AG\",\"isPartOf\":{\"@id\":\"https:\\\/\\\/www.firstware.com\\\/en\\\/#website\"},\"primaryImageOfPage\":{\"@id\":\"https:\\\/\\\/www.firstware.com\\\/de\\\/ueber-uns\\\/#primaryimage\"},\"image\":{\"@id\":\"https:\\\/\\\/www.firstware.com\\\/de\\\/ueber-uns\\\/#primaryimage\"},\"thumbnailUrl\":\"https:\\\/\\\/firstware.com\\\/wp-content\\\/uploads\\\/2025\\\/08\\\/FIRSTATTRIBUTE-Logo2013-final-300x62.png\",\"description\":\"Die FirstAttribute AG unterst\u00fctzt Unternehmen mit effizienten IT- und Cloud-L\u00f6sungen f\u00fcr Identity & Access Management (IAM).\",\"breadcrumb\":{\"@id\":\"https:\\\/\\\/www.firstware.com\\\/de\\\/ueber-uns\\\/#breadcrumb\"},\"inLanguage\":\"de\",\"potentialAction\":[{\"@type\":\"ReadAction\",\"target\":[\"https:\\\/\\\/www.firstware.com\\\/de\\\/ueber-uns\\\/\"]}]},{\"@type\":\"ImageObject\",\"inLanguage\":\"de\",\"@id\":\"https:\\\/\\\/www.firstware.com\\\/de\\\/ueber-uns\\\/#primaryimage\",\"url\":\"https:\\\/\\\/firstware.com\\\/wp-content\\\/uploads\\\/2025\\\/08\\\/FIRSTATTRIBUTE-Logo2013-final-300x62.png\",\"contentUrl\":\"https:\\\/\\\/firstware.com\\\/wp-content\\\/uploads\\\/2025\\\/08\\\/FIRSTATTRIBUTE-Logo2013-final-300x62.png\"},{\"@type\":\"BreadcrumbList\",\"@id\":\"https:\\\/\\\/www.firstware.com\\\/de\\\/ueber-uns\\\/#breadcrumb\",\"itemListElement\":[{\"@type\":\"ListItem\",\"position\":1,\"name\":\"Startseite\",\"item\":\"https:\\\/\\\/www.firstware.com\\\/de\\\/\"},{\"@type\":\"ListItem\",\"position\":2,\"name\":\"\u00dcber uns\"}]},{\"@type\":\"WebSite\",\"@id\":\"https:\\\/\\\/www.firstware.com\\\/en\\\/#website\",\"url\":\"https:\\\/\\\/www.firstware.com\\\/en\\\/\",\"name\":\"FirstWare IDM-Portal\",\"description\":\"Identity and Autorization Management in M365 and Active Directory\",\"publisher\":{\"@id\":\"https:\\\/\\\/www.firstware.com\\\/en\\\/#organization\"},\"potentialAction\":[{\"@type\":\"SearchAction\",\"target\":{\"@type\":\"EntryPoint\",\"urlTemplate\":\"https:\\\/\\\/www.firstware.com\\\/en\\\/?s={search_term_string}\"},\"query-input\":{\"@type\":\"PropertyValueSpecification\",\"valueRequired\":true,\"valueName\":\"search_term_string\"}}],\"inLanguage\":\"de\"},{\"@type\":\"Organization\",\"@id\":\"https:\\\/\\\/www.firstware.com\\\/en\\\/#organization\",\"name\":\"FirstWare IDM-Portal\",\"url\":\"https:\\\/\\\/www.firstware.com\\\/en\\\/\",\"logo\":{\"@type\":\"ImageObject\",\"inLanguage\":\"de\",\"@id\":\"https:\\\/\\\/www.firstware.com\\\/en\\\/#\\\/schema\\\/logo\\\/image\\\/\",\"url\":\"https:\\\/\\\/www.firstware.com\\\/wp-content\\\/uploads\\\/2019\\\/06\\\/IDM-Portal.ico\",\"contentUrl\":\"https:\\\/\\\/www.firstware.com\\\/wp-content\\\/uploads\\\/2019\\\/06\\\/IDM-Portal.ico\",\"width\":1,\"height\":1,\"caption\":\"FirstWare IDM-Portal\"},\"image\":{\"@id\":\"https:\\\/\\\/www.firstware.com\\\/en\\\/#\\\/schema\\\/logo\\\/image\\\/\"}}]}<\/script>\n<!-- \/ Yoast SEO plugin. -->","yoast_head_json":{"title":"\u00dcber uns - FirstAttribute AG","description":"Die FirstAttribute AG unterst\u00fctzt Unternehmen mit effizienten IT- und Cloud-L\u00f6sungen f\u00fcr Identity & Access Management (IAM).","robots":{"index":"index","follow":"follow","max-snippet":"max-snippet:-1","max-image-preview":"max-image-preview:large","max-video-preview":"max-video-preview:-1"},"canonical":"https:\/\/www.firstware.com\/de\/ueber-uns\/","og_locale":"de_DE","og_type":"article","og_title":"\u00dcber uns - FirstAttribute AG","og_description":"Die FirstAttribute AG unterst\u00fctzt Unternehmen mit effizienten IT- und Cloud-L\u00f6sungen f\u00fcr Identity & Access Management (IAM).","og_url":"https:\/\/www.firstware.com\/de\/ueber-uns\/","og_site_name":"FirstWare IDM-Portal","og_image":[{"url":"https:\/\/firstware.com\/wp-content\/uploads\/2025\/08\/FIRSTATTRIBUTE-Logo2013-final-300x62.png","type":"","width":"","height":""}],"twitter_misc":{"Gesch\u00e4tzte Lesezeit":"4\u00a0Minuten"},"schema":{"@context":"https:\/\/schema.org","@graph":[{"@type":"WebPage","@id":"https:\/\/www.firstware.com\/de\/ueber-uns\/","url":"https:\/\/www.firstware.com\/de\/ueber-uns\/","name":"\u00dcber uns - FirstAttribute AG","isPartOf":{"@id":"https:\/\/www.firstware.com\/en\/#website"},"primaryImageOfPage":{"@id":"https:\/\/www.firstware.com\/de\/ueber-uns\/#primaryimage"},"image":{"@id":"https:\/\/www.firstware.com\/de\/ueber-uns\/#primaryimage"},"thumbnailUrl":"https:\/\/firstware.com\/wp-content\/uploads\/2025\/08\/FIRSTATTRIBUTE-Logo2013-final-300x62.png","description":"Die FirstAttribute AG unterst\u00fctzt Unternehmen mit effizienten IT- und Cloud-L\u00f6sungen f\u00fcr Identity & Access Management (IAM).","breadcrumb":{"@id":"https:\/\/www.firstware.com\/de\/ueber-uns\/#breadcrumb"},"inLanguage":"de","potentialAction":[{"@type":"ReadAction","target":["https:\/\/www.firstware.com\/de\/ueber-uns\/"]}]},{"@type":"ImageObject","inLanguage":"de","@id":"https:\/\/www.firstware.com\/de\/ueber-uns\/#primaryimage","url":"https:\/\/firstware.com\/wp-content\/uploads\/2025\/08\/FIRSTATTRIBUTE-Logo2013-final-300x62.png","contentUrl":"https:\/\/firstware.com\/wp-content\/uploads\/2025\/08\/FIRSTATTRIBUTE-Logo2013-final-300x62.png"},{"@type":"BreadcrumbList","@id":"https:\/\/www.firstware.com\/de\/ueber-uns\/#breadcrumb","itemListElement":[{"@type":"ListItem","position":1,"name":"Startseite","item":"https:\/\/www.firstware.com\/de\/"},{"@type":"ListItem","position":2,"name":"\u00dcber uns"}]},{"@type":"WebSite","@id":"https:\/\/www.firstware.com\/en\/#website","url":"https:\/\/www.firstware.com\/en\/","name":"FirstWare IDM-Portal","description":"Identity and Autorization Management in M365 and Active Directory","publisher":{"@id":"https:\/\/www.firstware.com\/en\/#organization"},"potentialAction":[{"@type":"SearchAction","target":{"@type":"EntryPoint","urlTemplate":"https:\/\/www.firstware.com\/en\/?s={search_term_string}"},"query-input":{"@type":"PropertyValueSpecification","valueRequired":true,"valueName":"search_term_string"}}],"inLanguage":"de"},{"@type":"Organization","@id":"https:\/\/www.firstware.com\/en\/#organization","name":"FirstWare IDM-Portal","url":"https:\/\/www.firstware.com\/en\/","logo":{"@type":"ImageObject","inLanguage":"de","@id":"https:\/\/www.firstware.com\/en\/#\/schema\/logo\/image\/","url":"https:\/\/www.firstware.com\/wp-content\/uploads\/2019\/06\/IDM-Portal.ico","contentUrl":"https:\/\/www.firstware.com\/wp-content\/uploads\/2019\/06\/IDM-Portal.ico","width":1,"height":1,"caption":"FirstWare IDM-Portal"},"image":{"@id":"https:\/\/www.firstware.com\/en\/#\/schema\/logo\/image\/"}}]}},"_links":{"self":[{"href":"https:\/\/www.firstware.com\/de\/wp-json\/wp\/v2\/pages\/36102","targetHints":{"allow":["GET"]}}],"collection":[{"href":"https:\/\/www.firstware.com\/de\/wp-json\/wp\/v2\/pages"}],"about":[{"href":"https:\/\/www.firstware.com\/de\/wp-json\/wp\/v2\/types\/page"}],"author":[{"embeddable":true,"href":"https:\/\/www.firstware.com\/de\/wp-json\/wp\/v2\/users\/18"}],"replies":[{"embeddable":true,"href":"https:\/\/www.firstware.com\/de\/wp-json\/wp\/v2\/comments?post=36102"}],"version-history":[{"count":0,"href":"https:\/\/www.firstware.com\/de\/wp-json\/wp\/v2\/pages\/36102\/revisions"}],"wp:attachment":[{"href":"https:\/\/www.firstware.com\/de\/wp-json\/wp\/v2\/media?parent=36102"}],"curies":[{"name":"wp","href":"https:\/\/api.w.org\/{rel}","templated":true}]}}