{"id":36093,"date":"2021-07-06T13:32:47","date_gmt":"2021-07-06T13:32:47","guid":{"rendered":"https:\/\/staging.firstware.com\/?page_id=36093"},"modified":"2026-04-01T12:53:12","modified_gmt":"2026-04-01T11:53:12","slug":"firstattribute-weitere-loesungen","status":"publish","type":"page","link":"https:\/\/www.firstware.com\/de\/firstattribute-weitere-loesungen\/","title":{"rendered":"FirstAttribute &#8211; Weitere L\u00f6sungen"},"content":{"rendered":"<div class=\"wpb-content-wrapper\">[vc_row fullwidth=&#8220;yes&#8220; fw_columns=&#8220;yes&#8220; css=&#8220;.vc_custom_1626359276730{margin-top: -50px !important;}&#8220;][vc_column][vc_single_image image=&#8220;39626&#8243; img_size=&#8220;full&#8220; alignment=&#8220;center&#8220;][\/vc_column][\/vc_row][vc_row][vc_column][vc_column_text css=&#8220;&#8220;]\n<h1>IAM Software &amp; Cloud Services<\/h1>\n<h2 style=\"margin-top: 0;\">Passgenaue und anwenderorientierte L\u00f6sungen<\/h2>\n<p>Seit 25 Jahren steht die FirstAttribute AG f\u00fcr innovative IAM-L\u00f6sungen:<br \/>\nIAM Software und Cloud Services f\u00fcr Unternehmen weltweit.<\/p>\n[\/vc_column_text][\/vc_column][\/vc_row][vc_row css=&#8220;.vc_custom_1637234095573{margin-bottom: -25px !important;}&#8220;][vc_column][vc_row_inner][vc_column_inner width=&#8220;1\/2&#8243;][vc_column_text]\n<p><img decoding=\"async\" class=\"aligncenter wp-image-36897 size-full\" title=\"DynamicGroup - Dynamische Gruppenverwaltung im AD\" src=\"https:\/\/firstware.com\/wp-content\/uploads\/2021\/08\/Group-dynamic-group.png\" alt=\"DynamicGroup - Dynamische Gruppenverwaltung im AD\" width=\"213\" height=\"200\" \/><\/p>\n[\/vc_column_text][vc_column_text]\n<h3><a href=\"#DynamicGroup\">DynamicGroup<\/a><\/h3>\n[\/vc_column_text][vc_column_text]\n<p>Automatische Gruppenzuordnung<\/p>\n<p>im\u00a0Active Directory<\/p>\n[\/vc_column_text][\/vc_column_inner][vc_column_inner width=&#8220;1\/2&#8243;][vc_column_text]\n<p><img decoding=\"async\" class=\"aligncenter wp-image-36878\" title=\"my-IAM - Cloud Identity Management in Microsoft Teams\" src=\"https:\/\/firstware.com\/wp-content\/uploads\/2021\/08\/my-IAM-Logo-als-GIF-268x300.gif\" alt=\"my-IAM - Cloud Identity Management in Microsoft Teams\" width=\"179\" height=\"200\" srcset=\"https:\/\/www.firstware.com\/wp-content\/uploads\/2021\/08\/my-IAM-Logo-als-GIF-268x300.gif 268w, https:\/\/www.firstware.com\/wp-content\/uploads\/2021\/08\/my-IAM-Logo-als-GIF-768x860.gif 768w\" sizes=\"(max-width: 179px) 100vw, 179px\" \/><\/p>\n[\/vc_column_text][vc_column_text]\n<h3><a href=\"#myIAM\">my-IAM<\/a><\/h3>\n[\/vc_column_text][vc_column_text css=&#8220;&#8220;]\n<p>Cloud-IAM Plattform<\/p>\n<p>f\u00fcr alle Identit\u00e4ten in Echtzeit<\/p>\n[\/vc_column_text][\/vc_column_inner][\/vc_row_inner][\/vc_column][\/vc_row][vc_row fullwidth=&#8220;yes&#8220; el_id=&#8220;myIAM&#8220; background_color=&#8220;#EFF5FF&#8220; css=&#8220;.vc_custom_1775044313813{margin-bottom: 15px !important;padding-top: 25px !important;}&#8220;][vc_column width=&#8220;1\/2&#8243;]<div class=\"shortcode-wrapper shortcode-spacer clearfix\"><div class=\"spacer\" style=\"height:100px;\"><\/div><\/div>[vc_column_text]\n<p><img decoding=\"async\" class=\"alignnone wp-image-36903\" title=\"my-IAM Cloud Identity Management in Microsoft Teams\" src=\"https:\/\/firstware.com\/wp-content\/uploads\/2021\/08\/my-IAM-1-300x290.png\" alt=\"my-IAM Cloud Identity Management in Microsoft Teams\" width=\"368\" height=\"356\" srcset=\"https:\/\/www.firstware.com\/wp-content\/uploads\/2021\/08\/my-IAM-1-300x290.png 300w, https:\/\/www.firstware.com\/wp-content\/uploads\/2021\/08\/my-IAM-1-1024x989.png 1024w, https:\/\/www.firstware.com\/wp-content\/uploads\/2021\/08\/my-IAM-1-768x742.png 768w, https:\/\/www.firstware.com\/wp-content\/uploads\/2021\/08\/my-IAM-1-1536x1484.png 1536w, https:\/\/www.firstware.com\/wp-content\/uploads\/2021\/08\/my-IAM-1-2048x1979.png 2048w\" sizes=\"(max-width: 368px) 100vw, 368px\" \/><\/p>\n[\/vc_column_text][\/vc_column][vc_column width=&#8220;1\/2&#8243;][vc_column_text css=&#8220;&#8220;]\n<h3 style=\"text-align: left;\"><strong>my-IAM<\/strong><\/h3>\n<p class=\"absatz\" style=\"text-align: left;\">my-IAM ist eine <strong data-start=\"234\" data-end=\"257\">Cloud-IAM-Plattform<\/strong>, die alle Unternehmensidentit\u00e4ten aus verschiedenen Quellen b\u00fcndelt und f\u00fcr M365, Entra ID und andere Anwendungen in Echtzeit nutzbar macht.<\/p>\n<p style=\"text-align: left;\">my-IAM bietet verschiedene Services:<\/p>\n<ul>\n<li style=\"text-align: left;\"><a href=\"https:\/\/my-iam.com\/de\/realidentity\/\">RealIdentity<\/a> und <a href=\"https:\/\/my-iam.com\/de\/realgroup\/\">RealGroup<\/a>: Bereitstellung und Verwaltung von Identit\u00e4ten und Gruppen.<\/li>\n<li style=\"text-align: left;\"><a href=\"https:\/\/my-iam.com\/de\/peopleconnect\/\">People Connect<\/a>\u00a0vereinfacht die Suche nach den richtigen Ansprechpartnern und verbindet Kollegen mit Hilfe eines \u00fcbersichtlichen Dashboards.<\/li>\n<li>Mit <a href=\"https:\/\/www.dynamicgroup.net\/de\/DynamicSync\/\" target=\"_blank\" rel=\"noopener\">DynamicSync<\/a> erhalten IT-Administratoren ein praktisches Tool, um Gruppen in Entra ID flexibel und sicher zu verwalten.<\/li>\n<\/ul>\n[\/vc_column_text][vc_column_text css=&#8220;&#8220;]\n<p><a href=\"https:\/\/my-iam.com\/de\/\" target=\"_blank\" rel=\"noopener noreferrer\"><button class=\"ButtonBeratung aligncenter\">Cloud IAM L\u00f6sung<\/button><\/a><\/p>\n[\/vc_column_text][\/vc_column][\/vc_row][vc_row fullwidth=&#8220;yes&#8220; background_color=&#8220;#FFFFFF&#8220; el_id=&#8220;DynamicGroup&#8220; css=&#8220;.vc_custom_1775044330041{padding-top: 25px !important;}&#8220;][vc_column width=&#8220;1\/2&#8243;][vc_column_text]\n<h3 style=\"text-align: left;\"><strong>DynamicGroup<\/strong><\/h3>\n<p style=\"text-align: left;\">FirstWare DynamicGroup ist ein <strong>AD Automatisierungs-Tool,<\/strong> das dynamische Gruppen im AD erzeugt und <span class=\"TextRun SCXW183050731 BCX0\" lang=\"DE-DE\" xml:lang=\"DE-DE\" data-contrast=\"none\"><span class=\"NormalTextRun SCXW183050731 BCX0\" data-ccp-parastyle=\"Normal (Web)\">automatisiert Gruppenmitgliedschaften vergibt. <\/span><\/span>Der Fokus liegt auf der <strong>schnellen und zeitgesteuerten Aktualisierung der Gruppen<\/strong>.<\/p>\n<p>&nbsp;<\/p>\n<ul class=\"featureList\">\n<li class=\"tick\" style=\"text-align: left;\">Effektive Zeitersparnis und <strong>h\u00f6here Sicherheit durch Gruppenmitgliedschaften<\/strong>, die immer aktuell sind<\/li>\n<li class=\"tick\" style=\"text-align: left;\">Benutzerfreundlich, \u00fcbersichtlich und von AD Experten entwickelt<\/li>\n<\/ul>\n[\/vc_column_text][vc_column_text]\n<p><a href=\"https:\/\/www.dynamicgroup.net\/de\/\" target=\"_blank\" rel=\"noopener noreferrer\"><button class=\"ButtonBeratung aligncenter\">Gruppenverwaltung automatisieren<\/button><\/a><\/p>\n[\/vc_column_text][\/vc_column][vc_column width=&#8220;1\/2&#8243;]<div class=\"shortcode-wrapper shortcode-spacer clearfix\"><div class=\"spacer\" style=\"height:90px;\"><\/div><\/div>[vc_column_text]\n<p><img decoding=\"async\" class=\"aligncenter wp-image-36906\" title=\"FirstWare DynamicGroup\" src=\"https:\/\/firstware.com\/wp-content\/uploads\/2021\/08\/DynamicGroup-2-1024x994.png\" alt=\"FirstWare DynamicGroup\" width=\"300\" height=\"291\" srcset=\"https:\/\/www.firstware.com\/wp-content\/uploads\/2021\/08\/DynamicGroup-2-1024x994.png 1024w, https:\/\/www.firstware.com\/wp-content\/uploads\/2021\/08\/DynamicGroup-2-300x291.png 300w, https:\/\/www.firstware.com\/wp-content\/uploads\/2021\/08\/DynamicGroup-2-768x745.png 768w, https:\/\/www.firstware.com\/wp-content\/uploads\/2021\/08\/DynamicGroup-2-1536x1491.png 1536w, https:\/\/www.firstware.com\/wp-content\/uploads\/2021\/08\/DynamicGroup-2-2048x1988.png 2048w\" sizes=\"(max-width: 300px) 100vw, 300px\" \/><\/p>\n[\/vc_column_text][\/vc_column][\/vc_row][vc_row fullwidth=&#8220;yes&#8220; background_color=&#8220;#EFF5FF&#8220; el_id=&#8220;ad-inspector&#8220; bottom_margin=&#8220;-40&#8243;][vc_column][vc_row_inner css=&#8220;.vc_custom_1637233973011{margin-bottom: 20px !important;}&#8220;][vc_column_inner width=&#8220;1\/2&#8243;][vc_column_text css=&#8220;&#8220;]\n<h3 style=\"text-align: left;\"><strong>AD Inspector eingestellt<\/strong><\/h3>\n<p style=\"text-align: left;\">Hinweis: Der FirstWare AD-Inspector wurde eingestellt und ist nicht mehr als Einzelprodukt verf\u00fcgbar.<\/p>\n<p>&nbsp;<\/p>\n<p style=\"text-align: left;\">Wir entwickeln unsere Software und Cloud Services stetig weiter. Im Zuge unserer Spezialisierung auf verteilte Identit\u00e4ten in der Cloud schaffen wir Platz f\u00fcr zukunftsweisende Technologien.<\/p>\n[\/vc_column_text][\/vc_column_inner][vc_column_inner width=&#8220;1\/2&#8243;]<div class=\"shortcode-wrapper shortcode-spacer clearfix\"><div class=\"spacer\" style=\"height:40px;\"><\/div><\/div>[vc_column_text css=&#8220;&#8220;]\n<p><img decoding=\"async\" class=\"alignnone wp-image-36899\" title=\"FirstWare AD Inspector\" src=\"https:\/\/firstware.com\/wp-content\/uploads\/2021\/08\/AD-Inspektor-1-300x298.png\" alt=\"FirstWare AD Inspector\" width=\"235\" height=\"234\" srcset=\"https:\/\/www.firstware.com\/wp-content\/uploads\/2021\/08\/AD-Inspektor-1-300x298.png 300w, https:\/\/www.firstware.com\/wp-content\/uploads\/2021\/08\/AD-Inspektor-1-1024x1018.png 1024w, https:\/\/www.firstware.com\/wp-content\/uploads\/2021\/08\/AD-Inspektor-1-150x150.png 150w, https:\/\/www.firstware.com\/wp-content\/uploads\/2021\/08\/AD-Inspektor-1-768x763.png 768w, https:\/\/www.firstware.com\/wp-content\/uploads\/2021\/08\/AD-Inspektor-1-1536x1526.png 1536w, https:\/\/www.firstware.com\/wp-content\/uploads\/2021\/08\/AD-Inspektor-1-2048x2035.png 2048w\" sizes=\"(max-width: 235px) 100vw, 235px\" \/><\/p>\n[\/vc_column_text][\/vc_column_inner][\/vc_row_inner][\/vc_column][\/vc_row][vc_row fullwidth=&#8220;yes&#8220; top_margin=&#8220;0&#8243; bottom_margin=&#8220;-60&#8243; background_color=&#8220;#ffffff&#8220;][vc_column][vc_column_text]\n<h2>Kontakt<\/h2>\n<p class=\"absatz\">Sie erreichen uns unter<\/p>\n<p class=\"absatz\" style=\"color: #003a93; font-size: 1.2em; font-style: 800;\"><a href=\"tel:+4981969984330\">+49 81 969 984 330<\/a><\/p>\n<p class=\"absatz\">oder \u00fcber unser<\/p>\n[\/vc_column_text][vc_column_text]\n<p><a href=\"https:\/\/firstware.com\/kontakt\/\"><button class=\"ButtonBeratung2 aligncenter\">Kontaktformular<\/button><\/a><\/p>\n[\/vc_column_text][\/vc_column][\/vc_row]\n<\/div>","protected":false},"excerpt":{"rendered":"<p>[vc_row fullwidth=&#8220;yes&#8220; fw_columns=&#8220;yes&#8220; css=&#8220;.vc_custom_1626359276730{margin-top: -50px !important;}&#8220;][vc_column][vc_single_image image=&#8220;39626&#8243; img_size=&#8220;full&#8220; alignment=&#8220;center&#8220;][\/vc_column][\/vc_row][vc_row][vc_column][vc_column_text css=&#8220;&#8220;] IAM Software &amp; Cloud Services Passgenaue und anwenderorientierte L\u00f6sungen Seit [&hellip;]<\/p>\n","protected":false},"author":18,"featured_media":0,"parent":0,"menu_order":0,"comment_status":"closed","ping_status":"closed","template":"","meta":{"_monsterinsights_skip_tracking":false,"_monsterinsights_sitenote_active":false,"_monsterinsights_sitenote_note":"","_monsterinsights_sitenote_category":0,"footnotes":""},"class_list":["post-36093","page","type-page","status-publish","hentry"],"yoast_head":"<!-- This site is optimized with the Yoast SEO plugin v27.3 - https:\/\/yoast.com\/product\/yoast-seo-wordpress\/ -->\n<title>Weitere L\u00f6sungen - FirstAttribute AG - my-IAM, DynamicGroup und mehr<\/title>\n<meta name=\"description\" content=\"FirstAttribute AG entwickelt seit mehr als 20 Jahren IAM Software &amp; Cloud Services. Entdecken Sie weitere L\u00f6sungen: AD Inspector, DynamicGroup und my-IAM.\" \/>\n<meta name=\"robots\" content=\"index, follow, max-snippet:-1, max-image-preview:large, max-video-preview:-1\" \/>\n<link rel=\"canonical\" href=\"https:\/\/www.firstware.com\/de\/firstattribute-weitere-loesungen\/\" \/>\n<meta property=\"og:locale\" content=\"de_DE\" \/>\n<meta property=\"og:type\" content=\"article\" \/>\n<meta property=\"og:title\" content=\"Weitere L\u00f6sungen - FirstAttribute AG - my-IAM, DynamicGroup und mehr\" \/>\n<meta property=\"og:description\" content=\"FirstAttribute AG entwickelt seit mehr als 20 Jahren IAM Software &amp; Cloud Services. Entdecken Sie weitere L\u00f6sungen: AD Inspector, DynamicGroup und my-IAM.\" \/>\n<meta property=\"og:url\" content=\"https:\/\/www.firstware.com\/de\/firstattribute-weitere-loesungen\/\" \/>\n<meta property=\"og:site_name\" content=\"FirstWare IDM-Portal\" \/>\n<meta property=\"og:image\" content=\"https:\/\/firstware.com\/wp-content\/uploads\/2021\/08\/Group-dynamic-group.png\" \/>\n<meta name=\"twitter:label1\" content=\"Gesch\u00e4tzte Lesezeit\" \/>\n\t<meta name=\"twitter:data1\" content=\"4\u00a0Minuten\" \/>\n<script type=\"application\/ld+json\" class=\"yoast-schema-graph\">{\"@context\":\"https:\\\/\\\/schema.org\",\"@graph\":[{\"@type\":\"WebPage\",\"@id\":\"https:\\\/\\\/www.firstware.com\\\/de\\\/firstattribute-weitere-loesungen\\\/\",\"url\":\"https:\\\/\\\/www.firstware.com\\\/de\\\/firstattribute-weitere-loesungen\\\/\",\"name\":\"Weitere L\u00f6sungen - FirstAttribute AG - my-IAM, DynamicGroup und mehr\",\"isPartOf\":{\"@id\":\"https:\\\/\\\/www.firstware.com\\\/en\\\/#website\"},\"primaryImageOfPage\":{\"@id\":\"https:\\\/\\\/www.firstware.com\\\/de\\\/firstattribute-weitere-loesungen\\\/#primaryimage\"},\"image\":{\"@id\":\"https:\\\/\\\/www.firstware.com\\\/de\\\/firstattribute-weitere-loesungen\\\/#primaryimage\"},\"thumbnailUrl\":\"https:\\\/\\\/firstware.com\\\/wp-content\\\/uploads\\\/2021\\\/08\\\/Group-dynamic-group.png\",\"description\":\"FirstAttribute AG entwickelt seit mehr als 20 Jahren IAM Software & Cloud Services. Entdecken Sie weitere L\u00f6sungen: AD Inspector, DynamicGroup und my-IAM.\",\"breadcrumb\":{\"@id\":\"https:\\\/\\\/www.firstware.com\\\/de\\\/firstattribute-weitere-loesungen\\\/#breadcrumb\"},\"inLanguage\":\"de\",\"potentialAction\":[{\"@type\":\"ReadAction\",\"target\":[\"https:\\\/\\\/www.firstware.com\\\/de\\\/firstattribute-weitere-loesungen\\\/\"]}]},{\"@type\":\"ImageObject\",\"inLanguage\":\"de\",\"@id\":\"https:\\\/\\\/www.firstware.com\\\/de\\\/firstattribute-weitere-loesungen\\\/#primaryimage\",\"url\":\"https:\\\/\\\/firstware.com\\\/wp-content\\\/uploads\\\/2021\\\/08\\\/Group-dynamic-group.png\",\"contentUrl\":\"https:\\\/\\\/firstware.com\\\/wp-content\\\/uploads\\\/2021\\\/08\\\/Group-dynamic-group.png\"},{\"@type\":\"BreadcrumbList\",\"@id\":\"https:\\\/\\\/www.firstware.com\\\/de\\\/firstattribute-weitere-loesungen\\\/#breadcrumb\",\"itemListElement\":[{\"@type\":\"ListItem\",\"position\":1,\"name\":\"Startseite\",\"item\":\"https:\\\/\\\/www.firstware.com\\\/de\\\/\"},{\"@type\":\"ListItem\",\"position\":2,\"name\":\"FirstAttribute &#8211; Weitere L\u00f6sungen\"}]},{\"@type\":\"WebSite\",\"@id\":\"https:\\\/\\\/www.firstware.com\\\/en\\\/#website\",\"url\":\"https:\\\/\\\/www.firstware.com\\\/en\\\/\",\"name\":\"FirstWare IDM-Portal\",\"description\":\"Identity and Autorization Management in M365 and Active Directory\",\"publisher\":{\"@id\":\"https:\\\/\\\/www.firstware.com\\\/en\\\/#organization\"},\"potentialAction\":[{\"@type\":\"SearchAction\",\"target\":{\"@type\":\"EntryPoint\",\"urlTemplate\":\"https:\\\/\\\/www.firstware.com\\\/en\\\/?s={search_term_string}\"},\"query-input\":{\"@type\":\"PropertyValueSpecification\",\"valueRequired\":true,\"valueName\":\"search_term_string\"}}],\"inLanguage\":\"de\"},{\"@type\":\"Organization\",\"@id\":\"https:\\\/\\\/www.firstware.com\\\/en\\\/#organization\",\"name\":\"FirstWare IDM-Portal\",\"url\":\"https:\\\/\\\/www.firstware.com\\\/en\\\/\",\"logo\":{\"@type\":\"ImageObject\",\"inLanguage\":\"de\",\"@id\":\"https:\\\/\\\/www.firstware.com\\\/en\\\/#\\\/schema\\\/logo\\\/image\\\/\",\"url\":\"https:\\\/\\\/www.firstware.com\\\/wp-content\\\/uploads\\\/2019\\\/06\\\/IDM-Portal.ico\",\"contentUrl\":\"https:\\\/\\\/www.firstware.com\\\/wp-content\\\/uploads\\\/2019\\\/06\\\/IDM-Portal.ico\",\"width\":1,\"height\":1,\"caption\":\"FirstWare IDM-Portal\"},\"image\":{\"@id\":\"https:\\\/\\\/www.firstware.com\\\/en\\\/#\\\/schema\\\/logo\\\/image\\\/\"}}]}<\/script>\n<!-- \/ Yoast SEO plugin. -->","yoast_head_json":{"title":"Weitere L\u00f6sungen - FirstAttribute AG - my-IAM, DynamicGroup und mehr","description":"FirstAttribute AG entwickelt seit mehr als 20 Jahren IAM Software & Cloud Services. Entdecken Sie weitere L\u00f6sungen: AD Inspector, DynamicGroup und my-IAM.","robots":{"index":"index","follow":"follow","max-snippet":"max-snippet:-1","max-image-preview":"max-image-preview:large","max-video-preview":"max-video-preview:-1"},"canonical":"https:\/\/www.firstware.com\/de\/firstattribute-weitere-loesungen\/","og_locale":"de_DE","og_type":"article","og_title":"Weitere L\u00f6sungen - FirstAttribute AG - my-IAM, DynamicGroup und mehr","og_description":"FirstAttribute AG entwickelt seit mehr als 20 Jahren IAM Software & Cloud Services. Entdecken Sie weitere L\u00f6sungen: AD Inspector, DynamicGroup und my-IAM.","og_url":"https:\/\/www.firstware.com\/de\/firstattribute-weitere-loesungen\/","og_site_name":"FirstWare IDM-Portal","og_image":[{"url":"https:\/\/firstware.com\/wp-content\/uploads\/2021\/08\/Group-dynamic-group.png","type":"","width":"","height":""}],"twitter_misc":{"Gesch\u00e4tzte Lesezeit":"4\u00a0Minuten"},"schema":{"@context":"https:\/\/schema.org","@graph":[{"@type":"WebPage","@id":"https:\/\/www.firstware.com\/de\/firstattribute-weitere-loesungen\/","url":"https:\/\/www.firstware.com\/de\/firstattribute-weitere-loesungen\/","name":"Weitere L\u00f6sungen - FirstAttribute AG - my-IAM, DynamicGroup und mehr","isPartOf":{"@id":"https:\/\/www.firstware.com\/en\/#website"},"primaryImageOfPage":{"@id":"https:\/\/www.firstware.com\/de\/firstattribute-weitere-loesungen\/#primaryimage"},"image":{"@id":"https:\/\/www.firstware.com\/de\/firstattribute-weitere-loesungen\/#primaryimage"},"thumbnailUrl":"https:\/\/firstware.com\/wp-content\/uploads\/2021\/08\/Group-dynamic-group.png","description":"FirstAttribute AG entwickelt seit mehr als 20 Jahren IAM Software & Cloud Services. Entdecken Sie weitere L\u00f6sungen: AD Inspector, DynamicGroup und my-IAM.","breadcrumb":{"@id":"https:\/\/www.firstware.com\/de\/firstattribute-weitere-loesungen\/#breadcrumb"},"inLanguage":"de","potentialAction":[{"@type":"ReadAction","target":["https:\/\/www.firstware.com\/de\/firstattribute-weitere-loesungen\/"]}]},{"@type":"ImageObject","inLanguage":"de","@id":"https:\/\/www.firstware.com\/de\/firstattribute-weitere-loesungen\/#primaryimage","url":"https:\/\/firstware.com\/wp-content\/uploads\/2021\/08\/Group-dynamic-group.png","contentUrl":"https:\/\/firstware.com\/wp-content\/uploads\/2021\/08\/Group-dynamic-group.png"},{"@type":"BreadcrumbList","@id":"https:\/\/www.firstware.com\/de\/firstattribute-weitere-loesungen\/#breadcrumb","itemListElement":[{"@type":"ListItem","position":1,"name":"Startseite","item":"https:\/\/www.firstware.com\/de\/"},{"@type":"ListItem","position":2,"name":"FirstAttribute &#8211; Weitere L\u00f6sungen"}]},{"@type":"WebSite","@id":"https:\/\/www.firstware.com\/en\/#website","url":"https:\/\/www.firstware.com\/en\/","name":"FirstWare IDM-Portal","description":"Identity and Autorization Management in M365 and Active Directory","publisher":{"@id":"https:\/\/www.firstware.com\/en\/#organization"},"potentialAction":[{"@type":"SearchAction","target":{"@type":"EntryPoint","urlTemplate":"https:\/\/www.firstware.com\/en\/?s={search_term_string}"},"query-input":{"@type":"PropertyValueSpecification","valueRequired":true,"valueName":"search_term_string"}}],"inLanguage":"de"},{"@type":"Organization","@id":"https:\/\/www.firstware.com\/en\/#organization","name":"FirstWare IDM-Portal","url":"https:\/\/www.firstware.com\/en\/","logo":{"@type":"ImageObject","inLanguage":"de","@id":"https:\/\/www.firstware.com\/en\/#\/schema\/logo\/image\/","url":"https:\/\/www.firstware.com\/wp-content\/uploads\/2019\/06\/IDM-Portal.ico","contentUrl":"https:\/\/www.firstware.com\/wp-content\/uploads\/2019\/06\/IDM-Portal.ico","width":1,"height":1,"caption":"FirstWare IDM-Portal"},"image":{"@id":"https:\/\/www.firstware.com\/en\/#\/schema\/logo\/image\/"}}]}},"_links":{"self":[{"href":"https:\/\/www.firstware.com\/de\/wp-json\/wp\/v2\/pages\/36093","targetHints":{"allow":["GET"]}}],"collection":[{"href":"https:\/\/www.firstware.com\/de\/wp-json\/wp\/v2\/pages"}],"about":[{"href":"https:\/\/www.firstware.com\/de\/wp-json\/wp\/v2\/types\/page"}],"author":[{"embeddable":true,"href":"https:\/\/www.firstware.com\/de\/wp-json\/wp\/v2\/users\/18"}],"replies":[{"embeddable":true,"href":"https:\/\/www.firstware.com\/de\/wp-json\/wp\/v2\/comments?post=36093"}],"version-history":[{"count":8,"href":"https:\/\/www.firstware.com\/de\/wp-json\/wp\/v2\/pages\/36093\/revisions"}],"predecessor-version":[{"id":49596,"href":"https:\/\/www.firstware.com\/de\/wp-json\/wp\/v2\/pages\/36093\/revisions\/49596"}],"wp:attachment":[{"href":"https:\/\/www.firstware.com\/de\/wp-json\/wp\/v2\/media?parent=36093"}],"curies":[{"name":"wp","href":"https:\/\/api.w.org\/{rel}","templated":true}]}}