{"id":20144,"date":"2021-03-03T13:01:55","date_gmt":"2021-03-03T12:01:55","guid":{"rendered":"https:\/\/staging.dev.firstattribute.com\/?page_id=20144"},"modified":"2025-07-01T13:13:53","modified_gmt":"2025-07-01T12:13:53","slug":"unsere-kunden","status":"publish","type":"page","link":"https:\/\/www.firstware.com\/de\/referenzen\/unsere-kunden\/","title":{"rendered":"Unsere Kunden"},"content":{"rendered":"<div class=\"wpb-content-wrapper\">[vc_row fullwidth=&#8220;yes&#8220; fw_columns=&#8220;yes&#8220; top_margin=&#8220;0&#8243; bottom_margin=&#8220;0&#8243; el_class=&#8220;FA-aligncenter&#8220; css=&#8220;.vc_custom_1626341109416{margin-top: -50px !important;}&#8220;][vc_column][vc_single_image image=&#8220;10544&#8243; img_size=&#8220;full&#8220; alignment=&#8220;center&#8220;][\/vc_column][\/vc_row][vc_row top_margin=&#8220;0&#8243; bottom_margin=&#8220;0&#8243; el_class=&#8220;FA-aligncenter&#8220;][vc_column][vc_column_text el_class=&#8220;pcenter&#8220;]\n<h1 style=\"text-align: center;\">Unsere Kunden<\/h1>\n[\/vc_column_text][\/vc_column][vc_column][vc_column_text el_class=&#8220;pcenter&#8220;]\n<p style=\"text-align: center;\"><span style=\"font-weight: 400;\">Seit mehr als 20 Jahren arbeitet die FirstAttribute mit Unternehmen unterschiedlicher Branchen und Gr\u00f6\u00dfen zusammen.<br \/>\nWir sind stolz auf langj\u00e4hrige gute Kundenbeziehungen, die sich durch eine partnerschaftliche und faire Zusammenarbeit auszeichnen. <\/span><\/p>\n[\/vc_column_text][\/vc_column][\/vc_row][vc_row top_margin=&#8220;0&#8243; bottom_margin=&#8220;0&#8243; css=&#8220;.vc_custom_1663146076647{margin-bottom: -30px !important;}&#8220;][vc_column][vc_column_text]\n<h2>Ein Auszug aus unserer Kundenliste<\/h2>\n[\/vc_column_text][\/vc_column][\/vc_row][vc_row top_margin=&#8220;20&#8243; bottom_margin=&#8220;0&#8243;][vc_column][vc_column_text]\n<p><img decoding=\"async\" class=\"alignnone wp-image-42635\" title=\"Ein Auszug aus unserer Kundenliste - FirstWare IDM-Portal\" src=\"https:\/\/firstware.com\/wp-content\/uploads\/2022\/09\/Unsere-Kunden_FirstWare-IDM-Portal-300x160.jpg\" alt=\"Ein Auszug aus unserer Kundenliste - FirstWare IDM-Portal\" width=\"900\" height=\"480\" srcset=\"https:\/\/www.firstware.com\/wp-content\/uploads\/2022\/09\/Unsere-Kunden_FirstWare-IDM-Portal-300x160.jpg 300w, https:\/\/www.firstware.com\/wp-content\/uploads\/2022\/09\/Unsere-Kunden_FirstWare-IDM-Portal-1024x546.jpg 1024w, https:\/\/www.firstware.com\/wp-content\/uploads\/2022\/09\/Unsere-Kunden_FirstWare-IDM-Portal-768x410.jpg 768w, https:\/\/www.firstware.com\/wp-content\/uploads\/2022\/09\/Unsere-Kunden_FirstWare-IDM-Portal-1536x819.jpg 1536w, https:\/\/www.firstware.com\/wp-content\/uploads\/2022\/09\/Unsere-Kunden_FirstWare-IDM-Portal-2048x1092.jpg 2048w\" sizes=\"(max-width: 900px) 100vw, 900px\" \/><\/p>\n[\/vc_column_text][\/vc_column][\/vc_row][vc_row fullwidth=&#8220;yes&#8220; top_margin=&#8220;0&#8243; bottom_margin=&#8220;0&#8243;][vc_column width=&#8220;1\/2&#8243;][vc_column_text]\n<p style=\"text-align: left;\">Das FirstWare IDM-Portal kommt in vielen Branchen zum Einsatz: Finanzdienstleister, Fahrzeugindustrie, Gesundheit\/Soziales\/Pflege, Lebensmittelhersteller, Logistikunternehmen, Maschinen- und Anlagenbau, Stadtverwaltungen und vieles mehr.<\/p>\n[\/vc_column_text][\/vc_column][vc_column width=&#8220;1\/2&#8243;][vc_column_text]\n<p style=\"text-align: left;\">Zu den FirstWare IDM-Portal Kunden z\u00e4hlen Unternehmen verschiedener Gr\u00f6\u00dfen, von 500 bis zu mehreren 10.000 Mitarbeitern. Unterschiedliche Anforderungen sind durch die verschiedenen <a href=\"https:\/\/firstware.com\/angebote\/\" target=\"_blank\" rel=\"noopener\">Editionen des IDM-Portals<\/a> kundenspezifisch anpassbar.<\/p>\n[\/vc_column_text][\/vc_column][\/vc_row][vc_row fullwidth=&#8220;yes&#8220; top_margin=&#8220;0&#8243; bottom_margin=&#8220;0&#8243; background_color=&#8220;#eff5ff&#8220;][vc_column][vc_column_text css=&#8220;&#8220;]\n<h2>Was unsere Kunden sagen<\/h2>\n[\/vc_column_text][vc_column_text css=&#8220;&#8220;]\n<p class=\"absatz\" style=\"text-align: center;\"><span style=\"color: #002d73;\"><strong><span style=\"font-size: 14pt;\">\u201eTolles Produkt \u2013 unsere Mitarbeiter konnten sich schnell damit vertraut machen.<\/span><\/strong><\/span><br \/>\n<span style=\"color: #002d73;\"><strong><span style=\"font-size: 14pt;\">Ich sch\u00e4tze besonders den vollst\u00e4ndig anpassbaren Hintergrund in PowerShell und die hervorragende Beratung.\u201c<\/span><\/strong><\/span><\/p>\n<p style=\"text-align: center;\">IT Specialist, Geis CZ, Global Logistics<\/p>\n[\/vc_column_text][\/vc_column][\/vc_row][vc_row fullwidth=&#8220;yes&#8220; top_margin=&#8220;0&#8243; bottom_margin=&#8220;0&#8243; css=&#8220;.vc_custom_1747987678812{margin-bottom: -30px !important;}&#8220; background_color=&#8220;#FFFFFF&#8220;][vc_column][vc_column_text]\n<h2>Zusammenarbeit mit unseren Kunden<\/h2>\n[\/vc_column_text][\/vc_column][\/vc_row][vc_row fullwidth=&#8220;yes&#8220; top_margin=&#8220;0&#8243; bottom_margin=&#8220;0&#8243; background_color=&#8220;#FFFFFF&#8220;][vc_column width=&#8220;1\/2&#8243;][vc_column_text css=&#8220;&#8220;]\n<p class=\"absatz\" style=\"text-align: left;\"><b>In einem Interview erkl\u00e4rte Andreas Martin, CEO und Gr\u00fcnder der FirstAttribute, was hinter dem Erfolg der Firma steckt:<\/b><\/p>\n<p class=\"absatz\" style=\"text-align: left;\">&#8222;Grunds\u00e4tzlich arbeiten wir in der FirstAttribute als Team zusammen, das hei\u00dft, wir verstehen unsere Kunden als Partner und bauen so eine Vertrauensbasis auf.<\/p>\n<p class=\"absatz\" style=\"text-align: left;\">Letztendlich geht es ja um die Menschen in den Firmen, die dahinter sind, und dass man gemeinsam erfolgreich ist.&#8220;<\/p>\n<p style=\"text-align: left;\">Die Philosophie des Zuh\u00f6rens und Verstehens, was unsere Kunden erreichen m\u00f6chten, ist ein essentieller Baustein aller Kundenprojekte.<\/p>\n<p>&nbsp;<\/p>\n<p><a href=\"https:\/\/www.firstattribute.com\/de\/news\/20-fragen-an-andreas-martin-ceo-der-firstattribute-ag\/\" target=\"_blank\" rel=\"noopener\"><button class=\"ButtonBeratung2 aligncenter\">Lesen Sie das Interview<\/button><\/a><\/p>\n[\/vc_column_text][\/vc_column][vc_column width=&#8220;1\/2&#8243;]<div class=\"shortcode-wrapper shortcode-spacer clearfix\"><div class=\"spacer\" style=\"height:70px;\"><\/div><\/div>[vc_column_text css=&#8220;&#8220;]\n<p><img decoding=\"async\" class=\"aligncenter wp-image-47699\" title=\"Unsere Priorit\u00e4t: Partnerschaftlichkeit und Fairness\" src=\"https:\/\/firstware.com\/wp-content\/uploads\/2025\/05\/Zusammenarbeit-mit-unseren-Kunden-300x163.png\" alt=\"Unsere Priorit\u00e4t: Partnerschaftlichkeit und Fairness\" width=\"400\" height=\"217\" srcset=\"https:\/\/www.firstware.com\/wp-content\/uploads\/2025\/05\/Zusammenarbeit-mit-unseren-Kunden-300x163.png 300w, https:\/\/www.firstware.com\/wp-content\/uploads\/2025\/05\/Zusammenarbeit-mit-unseren-Kunden-1024x556.png 1024w, https:\/\/www.firstware.com\/wp-content\/uploads\/2025\/05\/Zusammenarbeit-mit-unseren-Kunden-768x417.png 768w, https:\/\/www.firstware.com\/wp-content\/uploads\/2025\/05\/Zusammenarbeit-mit-unseren-Kunden-1536x834.png 1536w, https:\/\/www.firstware.com\/wp-content\/uploads\/2025\/05\/Zusammenarbeit-mit-unseren-Kunden.png 1832w\" sizes=\"(max-width: 400px) 100vw, 400px\" \/><\/p>\n[\/vc_column_text][\/vc_column][\/vc_row][vc_row fullwidth=&#8220;yes&#8220; bottom_margin=&#8220;0&#8243; background_color=&#8220;#eff5ff&#8220;][vc_column][vc_column_text]\n<h2>Auswahl an Projekten<\/h2>\n[\/vc_column_text][\/vc_column][\/vc_row][vc_row fullwidth=&#8220;yes&#8220; top_margin=&#8220;0&#8243; bottom_margin=&#8220;0&#8243; el_class=&#8220;FA-aligncenter&#8220; background_color=&#8220;#eff5ff&#8220; css=&#8220;.vc_custom_1663583875032{margin-bottom: -30px !important;}&#8220;][vc_column][vc_column_text el_class=&#8220;pcenter&#8220;]\n<p>Wir haben \u00fcber 20 Jahre Erfahrung, um Ihnen die besten L\u00f6sungen f\u00fcr IAM Software &amp; Services zu bieten:<br \/>\nimmer anwenderorientiert und an den neuesten Technologien ausgerichtet.<br \/>\nZahlreiche Kundenprojekte und wiederkehrende Kunden sprechen f\u00fcr sich.<\/p>\n[\/vc_column_text][vc_basic_grid post_type=&#8220;post&#8220; max_items=&#8220;9&#8243; item=&#8220;36355&#8243; css=&#8220;&#8220; grid_id=&#8220;vc_gid:1751371607156-c2ad801d-2820-3&#8243; taxonomies=&#8220;1828&#8243;][\/vc_column][\/vc_row][vc_row fullwidth=&#8220;yes&#8220; top_margin=&#8220;0&#8243; background_color=&#8220;#FFFFFF&#8220; el_class=&#8220;FA-aligncenter&#8220; bottom_margin=&#8220;-60&#8243;][vc_column][vc_column_text css=&#8220;.vc_custom_1553779458289{padding-top: 40px !important;}&#8220;]\n<p><span style=\"font-size: 1.8em;\">Weitere Infos<\/span><\/p>\n[\/vc_column_text][vc_column_text css=&#8220;.vc_custom_1558008312128{margin-top: -15px !important;}&#8220;]\n<p>Haben Sie Interesse an einer Zusammenarbeit? Wir freuen uns auf Ihre Kontaktaufnahme.<\/p>\n[\/vc_column_text][vc_column_text]\n<p><a href=\"https:\/\/firstware.com\/kontakt\/\" target=\"_blank\" rel=\"noopener\"><button class=\"ButtonBeratung aligncenter\">Kontaktieren<\/button><\/a><\/p>\n[\/vc_column_text]<div class=\"shortcode-wrapper shortcode-spacer clearfix\"><div class=\"spacer\" style=\"height:20px;\"><\/div><\/div>[\/vc_column][\/vc_row]\n<\/div>","protected":false},"excerpt":{"rendered":"<p>[vc_row fullwidth=&#8220;yes&#8220; fw_columns=&#8220;yes&#8220; top_margin=&#8220;0&#8243; bottom_margin=&#8220;0&#8243; el_class=&#8220;FA-aligncenter&#8220; css=&#8220;.vc_custom_1626341109416{margin-top: -50px !important;}&#8220;][vc_column][vc_single_image image=&#8220;10544&#8243; img_size=&#8220;full&#8220; alignment=&#8220;center&#8220;][\/vc_column][\/vc_row][vc_row top_margin=&#8220;0&#8243; bottom_margin=&#8220;0&#8243; el_class=&#8220;FA-aligncenter&#8220;][vc_column][vc_column_text el_class=&#8220;pcenter&#8220;] Unsere Kunden [\/vc_column_text][\/vc_column][vc_column][vc_column_text el_class=&#8220;pcenter&#8220;] [&hellip;]<\/p>\n","protected":false},"author":23,"featured_media":0,"parent":11239,"menu_order":0,"comment_status":"open","ping_status":"closed","template":"","meta":{"_monsterinsights_skip_tracking":false,"_monsterinsights_sitenote_active":false,"_monsterinsights_sitenote_note":"","_monsterinsights_sitenote_category":0,"footnotes":""},"class_list":["post-20144","page","type-page","status-publish","hentry"],"yoast_head":"<!-- This site is optimized with the Yoast SEO plugin v27.3 - https:\/\/yoast.com\/product\/yoast-seo-wordpress\/ -->\n<title>Unsere Kunden - Partnerschaftlich und fair - FirstAttribute AG<\/title>\n<meta name=\"description\" content=\"Die FirstAttribute steht f\u00fcr langj\u00e4hrige gute Kundenbeziehungen, die sich durch eine partnerschaftliche und faire Zusammenarbeit auszeichnen.\" \/>\n<meta name=\"robots\" content=\"index, follow, max-snippet:-1, max-image-preview:large, max-video-preview:-1\" \/>\n<link rel=\"canonical\" href=\"https:\/\/www.firstware.com\/de\/referenzen\/unsere-kunden\/\" \/>\n<meta property=\"og:locale\" content=\"de_DE\" \/>\n<meta property=\"og:type\" content=\"article\" \/>\n<meta property=\"og:title\" content=\"Unsere Kunden - Partnerschaftlich und fair - FirstAttribute AG\" \/>\n<meta property=\"og:description\" content=\"Die FirstAttribute steht f\u00fcr langj\u00e4hrige gute Kundenbeziehungen, die sich durch eine partnerschaftliche und faire Zusammenarbeit auszeichnen.\" \/>\n<meta property=\"og:url\" content=\"https:\/\/www.firstware.com\/de\/referenzen\/unsere-kunden\/\" \/>\n<meta property=\"og:site_name\" content=\"FirstWare IDM-Portal\" \/>\n<meta property=\"og:image\" content=\"https:\/\/firstware.com\/wp-content\/uploads\/2022\/09\/Unsere-Kunden_FirstWare-IDM-Portal-300x160.jpg\" \/>\n<meta name=\"twitter:label1\" content=\"Gesch\u00e4tzte Lesezeit\" \/>\n\t<meta name=\"twitter:data1\" content=\"3\u00a0Minuten\" \/>\n<script type=\"application\/ld+json\" class=\"yoast-schema-graph\">{\"@context\":\"https:\\\/\\\/schema.org\",\"@graph\":[{\"@type\":\"WebPage\",\"@id\":\"https:\\\/\\\/www.firstware.com\\\/de\\\/referenzen\\\/unsere-kunden\\\/\",\"url\":\"https:\\\/\\\/www.firstware.com\\\/de\\\/referenzen\\\/unsere-kunden\\\/\",\"name\":\"Unsere Kunden - Partnerschaftlich und fair - FirstAttribute AG\",\"isPartOf\":{\"@id\":\"https:\\\/\\\/www.firstware.com\\\/en\\\/#website\"},\"primaryImageOfPage\":{\"@id\":\"https:\\\/\\\/www.firstware.com\\\/de\\\/referenzen\\\/unsere-kunden\\\/#primaryimage\"},\"image\":{\"@id\":\"https:\\\/\\\/www.firstware.com\\\/de\\\/referenzen\\\/unsere-kunden\\\/#primaryimage\"},\"thumbnailUrl\":\"https:\\\/\\\/firstware.com\\\/wp-content\\\/uploads\\\/2022\\\/09\\\/Unsere-Kunden_FirstWare-IDM-Portal-300x160.jpg\",\"description\":\"Die FirstAttribute steht f\u00fcr langj\u00e4hrige gute Kundenbeziehungen, die sich durch eine partnerschaftliche und faire Zusammenarbeit auszeichnen.\",\"breadcrumb\":{\"@id\":\"https:\\\/\\\/www.firstware.com\\\/de\\\/referenzen\\\/unsere-kunden\\\/#breadcrumb\"},\"inLanguage\":\"de\",\"potentialAction\":[{\"@type\":\"ReadAction\",\"target\":[\"https:\\\/\\\/www.firstware.com\\\/de\\\/referenzen\\\/unsere-kunden\\\/\"]}]},{\"@type\":\"ImageObject\",\"inLanguage\":\"de\",\"@id\":\"https:\\\/\\\/www.firstware.com\\\/de\\\/referenzen\\\/unsere-kunden\\\/#primaryimage\",\"url\":\"https:\\\/\\\/firstware.com\\\/wp-content\\\/uploads\\\/2022\\\/09\\\/Unsere-Kunden_FirstWare-IDM-Portal-300x160.jpg\",\"contentUrl\":\"https:\\\/\\\/firstware.com\\\/wp-content\\\/uploads\\\/2022\\\/09\\\/Unsere-Kunden_FirstWare-IDM-Portal-300x160.jpg\"},{\"@type\":\"BreadcrumbList\",\"@id\":\"https:\\\/\\\/www.firstware.com\\\/de\\\/referenzen\\\/unsere-kunden\\\/#breadcrumb\",\"itemListElement\":[{\"@type\":\"ListItem\",\"position\":1,\"name\":\"Startseite\",\"item\":\"https:\\\/\\\/www.firstware.com\\\/de\\\/\"},{\"@type\":\"ListItem\",\"position\":2,\"name\":\"Referenzen\",\"item\":\"https:\\\/\\\/www.firstware.com\\\/de\\\/referenzen\\\/\"},{\"@type\":\"ListItem\",\"position\":3,\"name\":\"Unsere Kunden\"}]},{\"@type\":\"WebSite\",\"@id\":\"https:\\\/\\\/www.firstware.com\\\/en\\\/#website\",\"url\":\"https:\\\/\\\/www.firstware.com\\\/en\\\/\",\"name\":\"FirstWare IDM-Portal\",\"description\":\"Identity and Autorization Management in M365 and Active Directory\",\"publisher\":{\"@id\":\"https:\\\/\\\/www.firstware.com\\\/en\\\/#organization\"},\"potentialAction\":[{\"@type\":\"SearchAction\",\"target\":{\"@type\":\"EntryPoint\",\"urlTemplate\":\"https:\\\/\\\/www.firstware.com\\\/en\\\/?s={search_term_string}\"},\"query-input\":{\"@type\":\"PropertyValueSpecification\",\"valueRequired\":true,\"valueName\":\"search_term_string\"}}],\"inLanguage\":\"de\"},{\"@type\":\"Organization\",\"@id\":\"https:\\\/\\\/www.firstware.com\\\/en\\\/#organization\",\"name\":\"FirstWare IDM-Portal\",\"url\":\"https:\\\/\\\/www.firstware.com\\\/en\\\/\",\"logo\":{\"@type\":\"ImageObject\",\"inLanguage\":\"de\",\"@id\":\"https:\\\/\\\/www.firstware.com\\\/en\\\/#\\\/schema\\\/logo\\\/image\\\/\",\"url\":\"https:\\\/\\\/www.firstware.com\\\/wp-content\\\/uploads\\\/2019\\\/06\\\/IDM-Portal.ico\",\"contentUrl\":\"https:\\\/\\\/www.firstware.com\\\/wp-content\\\/uploads\\\/2019\\\/06\\\/IDM-Portal.ico\",\"width\":1,\"height\":1,\"caption\":\"FirstWare IDM-Portal\"},\"image\":{\"@id\":\"https:\\\/\\\/www.firstware.com\\\/en\\\/#\\\/schema\\\/logo\\\/image\\\/\"}}]}<\/script>\n<!-- \/ Yoast SEO plugin. -->","yoast_head_json":{"title":"Unsere Kunden - Partnerschaftlich und fair - FirstAttribute AG","description":"Die FirstAttribute steht f\u00fcr langj\u00e4hrige gute Kundenbeziehungen, die sich durch eine partnerschaftliche und faire Zusammenarbeit auszeichnen.","robots":{"index":"index","follow":"follow","max-snippet":"max-snippet:-1","max-image-preview":"max-image-preview:large","max-video-preview":"max-video-preview:-1"},"canonical":"https:\/\/www.firstware.com\/de\/referenzen\/unsere-kunden\/","og_locale":"de_DE","og_type":"article","og_title":"Unsere Kunden - Partnerschaftlich und fair - FirstAttribute AG","og_description":"Die FirstAttribute steht f\u00fcr langj\u00e4hrige gute Kundenbeziehungen, die sich durch eine partnerschaftliche und faire Zusammenarbeit auszeichnen.","og_url":"https:\/\/www.firstware.com\/de\/referenzen\/unsere-kunden\/","og_site_name":"FirstWare IDM-Portal","og_image":[{"url":"https:\/\/firstware.com\/wp-content\/uploads\/2022\/09\/Unsere-Kunden_FirstWare-IDM-Portal-300x160.jpg","type":"","width":"","height":""}],"twitter_misc":{"Gesch\u00e4tzte Lesezeit":"3\u00a0Minuten"},"schema":{"@context":"https:\/\/schema.org","@graph":[{"@type":"WebPage","@id":"https:\/\/www.firstware.com\/de\/referenzen\/unsere-kunden\/","url":"https:\/\/www.firstware.com\/de\/referenzen\/unsere-kunden\/","name":"Unsere Kunden - Partnerschaftlich und fair - FirstAttribute AG","isPartOf":{"@id":"https:\/\/www.firstware.com\/en\/#website"},"primaryImageOfPage":{"@id":"https:\/\/www.firstware.com\/de\/referenzen\/unsere-kunden\/#primaryimage"},"image":{"@id":"https:\/\/www.firstware.com\/de\/referenzen\/unsere-kunden\/#primaryimage"},"thumbnailUrl":"https:\/\/firstware.com\/wp-content\/uploads\/2022\/09\/Unsere-Kunden_FirstWare-IDM-Portal-300x160.jpg","description":"Die FirstAttribute steht f\u00fcr langj\u00e4hrige gute Kundenbeziehungen, die sich durch eine partnerschaftliche und faire Zusammenarbeit auszeichnen.","breadcrumb":{"@id":"https:\/\/www.firstware.com\/de\/referenzen\/unsere-kunden\/#breadcrumb"},"inLanguage":"de","potentialAction":[{"@type":"ReadAction","target":["https:\/\/www.firstware.com\/de\/referenzen\/unsere-kunden\/"]}]},{"@type":"ImageObject","inLanguage":"de","@id":"https:\/\/www.firstware.com\/de\/referenzen\/unsere-kunden\/#primaryimage","url":"https:\/\/firstware.com\/wp-content\/uploads\/2022\/09\/Unsere-Kunden_FirstWare-IDM-Portal-300x160.jpg","contentUrl":"https:\/\/firstware.com\/wp-content\/uploads\/2022\/09\/Unsere-Kunden_FirstWare-IDM-Portal-300x160.jpg"},{"@type":"BreadcrumbList","@id":"https:\/\/www.firstware.com\/de\/referenzen\/unsere-kunden\/#breadcrumb","itemListElement":[{"@type":"ListItem","position":1,"name":"Startseite","item":"https:\/\/www.firstware.com\/de\/"},{"@type":"ListItem","position":2,"name":"Referenzen","item":"https:\/\/www.firstware.com\/de\/referenzen\/"},{"@type":"ListItem","position":3,"name":"Unsere Kunden"}]},{"@type":"WebSite","@id":"https:\/\/www.firstware.com\/en\/#website","url":"https:\/\/www.firstware.com\/en\/","name":"FirstWare IDM-Portal","description":"Identity and Autorization Management in M365 and Active Directory","publisher":{"@id":"https:\/\/www.firstware.com\/en\/#organization"},"potentialAction":[{"@type":"SearchAction","target":{"@type":"EntryPoint","urlTemplate":"https:\/\/www.firstware.com\/en\/?s={search_term_string}"},"query-input":{"@type":"PropertyValueSpecification","valueRequired":true,"valueName":"search_term_string"}}],"inLanguage":"de"},{"@type":"Organization","@id":"https:\/\/www.firstware.com\/en\/#organization","name":"FirstWare IDM-Portal","url":"https:\/\/www.firstware.com\/en\/","logo":{"@type":"ImageObject","inLanguage":"de","@id":"https:\/\/www.firstware.com\/en\/#\/schema\/logo\/image\/","url":"https:\/\/www.firstware.com\/wp-content\/uploads\/2019\/06\/IDM-Portal.ico","contentUrl":"https:\/\/www.firstware.com\/wp-content\/uploads\/2019\/06\/IDM-Portal.ico","width":1,"height":1,"caption":"FirstWare IDM-Portal"},"image":{"@id":"https:\/\/www.firstware.com\/en\/#\/schema\/logo\/image\/"}}]}},"_links":{"self":[{"href":"https:\/\/www.firstware.com\/de\/wp-json\/wp\/v2\/pages\/20144","targetHints":{"allow":["GET"]}}],"collection":[{"href":"https:\/\/www.firstware.com\/de\/wp-json\/wp\/v2\/pages"}],"about":[{"href":"https:\/\/www.firstware.com\/de\/wp-json\/wp\/v2\/types\/page"}],"author":[{"embeddable":true,"href":"https:\/\/www.firstware.com\/de\/wp-json\/wp\/v2\/users\/23"}],"replies":[{"embeddable":true,"href":"https:\/\/www.firstware.com\/de\/wp-json\/wp\/v2\/comments?post=20144"}],"version-history":[{"count":0,"href":"https:\/\/www.firstware.com\/de\/wp-json\/wp\/v2\/pages\/20144\/revisions"}],"up":[{"embeddable":true,"href":"https:\/\/www.firstware.com\/de\/wp-json\/wp\/v2\/pages\/11239"}],"wp:attachment":[{"href":"https:\/\/www.firstware.com\/de\/wp-json\/wp\/v2\/media?parent=20144"}],"curies":[{"name":"wp","href":"https:\/\/api.w.org\/{rel}","templated":true}]}}