{"id":20142,"date":"2021-03-03T13:01:44","date_gmt":"2021-03-03T12:01:44","guid":{"rendered":"https:\/\/staging.dev.firstattribute.com\/?page_id=20142"},"modified":"2026-04-16T11:28:39","modified_gmt":"2026-04-16T10:28:39","slug":"partnerschaft","status":"publish","type":"page","link":"https:\/\/www.firstware.com\/de\/referenzen\/partnerschaft\/","title":{"rendered":"Partnerschaft"},"content":{"rendered":"<div class=\"wpb-content-wrapper\">[vc_row fullwidth=&#8220;yes&#8220; fw_columns=&#8220;yes&#8220; top_margin=&#8220;0&#8243; bottom_margin=&#8220;0&#8243; el_class=&#8220;FA-aligncenter&#8220; css=&#8220;.vc_custom_1626354819235{margin-top: -50px !important;}&#8220;][vc_column][vc_single_image image=&#8220;10544&#8243; img_size=&#8220;full&#8220;][\/vc_column][\/vc_row][vc_row top_margin=&#8220;0&#8243; bottom_margin=&#8220;0&#8243; el_class=&#8220;FA-aligncenter&#8220;][vc_column][vc_column_text el_class=&#8220;pcenter&#8220;]\n<h1 style=\"text-align: center;\">Kooperation &amp; Partnerschaft<\/h1>\n[\/vc_column_text][\/vc_column][vc_column][vc_column_text]\n<p>Eine gute Partnerschaft ist ein Teil unserer Philosophie. Wir arbeiten mit unterschiedlichen Firmen zusammen,<br \/>\num voneinander zu lernen und ideale L\u00f6sungen f\u00fcr unsere Kunden zu finden.<\/p>\n[\/vc_column_text][\/vc_column][\/vc_row][vc_row fullwidth=&#8220;yes&#8220; bottom_margin=&#8220;0&#8243; background_color=&#8220;#eff5ff&#8220;][vc_column][vc_column_text]\n<h2>Kooperation mit IT-Unternehmen<\/h2>\n[\/vc_column_text][\/vc_column][\/vc_row][vc_row fullwidth=&#8220;yes&#8220; background_color=&#8220;#eff5ff&#8220; css=&#8220;.vc_custom_1662384835460{margin-top: -40px !important;}&#8220;][vc_column width=&#8220;1\/3&#8243; css=&#8220;.vc_custom_1615472257841{margin-right: 15px !important;}&#8220;][\/vc_column][vc_column width=&#8220;2\/3&#8243; css=&#8220;.vc_custom_1615471949246{margin-left: 15px !important;}&#8220;][vc_column_text]\n<h3 style=\"text-align: left;\">PROFI Engineering Systems AG<\/h3>\n[\/vc_column_text][\/vc_column][vc_column width=&#8220;1\/3&#8243;]<div class=\"shortcode-wrapper shortcode-spacer clearfix\"><div class=\"spacer\" style=\"height:40px;\"><\/div><\/div>[vc_column_text]\n<p><img decoding=\"async\" class=\"alignnone wp-image-36377 size-medium\" title=\"Partnerschaft mit Profi AG\" src=\"https:\/\/firstware.com\/wp-content\/uploads\/2021\/07\/Download-1-1-300x70.png\" alt=\"Partnerschaft mit Profi AG\" width=\"300\" height=\"70\" srcset=\"https:\/\/www.firstware.com\/wp-content\/uploads\/2021\/07\/Download-1-1-300x70.png 300w, https:\/\/www.firstware.com\/wp-content\/uploads\/2021\/07\/Download-1-1.png 388w\" sizes=\"(max-width: 300px) 100vw, 300px\" \/><\/p>\n[\/vc_column_text][\/vc_column][vc_column width=&#8220;2\/3&#8243;][vc_column_text css=&#8220;&#8220;]\n<p style=\"text-align: left;\">Seit vielen Jahren arbeitet die FirstAttribute mit der PROFI Engineering Systems AG zusammen. Die PROFI AG ist ein mittelst\u00e4ndisches Familienunternehmen mit 35 Jahren Erfahrung als IT-Dienstleister. Sie betreut Kunden mit individuellen, hochwertigen L\u00f6sungen zur Optimierung von IT-Prozessen und Systemlandschaften. Als unser Partner vertreibt die PROFI AG unser selbst entwickeltes FirstWare IDM-Portal und betreut Kunden, die sich im Umkreis von Darmstadt befinden. Unsere Kunden profitieren von der Kombination der Erfahrungswerte beider Unternehmen.<\/p>\n[\/vc_column_text][\/vc_column][\/vc_row][vc_row fullwidth=&#8220;yes&#8220; background_color=&#8220;#EFF5FF&#8220;][vc_column width=&#8220;2\/3&#8243; css=&#8220;.vc_custom_1615471943783{margin-right: 15px !important;}&#8220;][vc_column_text css=&#8220;&#8220;]\n<h3 style=\"text-align: left;\">Code Assets GmbH<\/h3>\n[\/vc_column_text][\/vc_column][vc_column width=&#8220;1\/3&#8243; css=&#8220;.vc_custom_1615472245871{margin-left: 20px !important;}&#8220;][\/vc_column][vc_column width=&#8220;2\/3&#8243;][vc_column_text css=&#8220;&#8220;]\n<div class=\"flex-shrink-0 flex flex-col relative items-end\">\n<div>\n<div class=\"pt-0\">\n<div class=\"gizmo-bot-avatar flex h-8 w-8 items-center justify-center overflow-hidden rounded-full\">\n<div class=\"relative p-1 rounded-sm flex items-center justify-center bg-token-main-surface-primary text-token-text-primary h-8 w-8\" style=\"text-align: left;\">Die Code Assets GmbH ist ein junges, kreatives Unternehmen, das sich auf die Entwicklung von Cloud Services und Softwarel\u00f6sungen im Bereich der digitalen Transformation spezialisiert hat. Sie unterst\u00fctzt die FirstAttribute mit ma\u00dfgeschneiderten Anwendungen f\u00fcr verschiedene Gesch\u00e4ftsbereiche, von der Prozessautomatisierung bis zur Optimierung des Kontakt- und Identit\u00e4tsmanagements.<\/div>\n<\/div>\n<\/div>\n<\/div>\n<\/div>\n[\/vc_column_text][\/vc_column][vc_column width=&#8220;1\/3&#8243;][vc_column_text css=&#8220;&#8220;]\n<p><img decoding=\"async\" class=\"alignnone wp-image-49239 size-full\" title=\"Partnerschaft mit novaCapta\" src=\"https:\/\/www.firstware.com\/wp-content\/uploads\/2025\/12\/Partner-Code-Assets-GmbH-300x128-1.png\" alt=\"\" width=\"300\" height=\"128\" \/><\/p>\n[\/vc_column_text][\/vc_column][\/vc_row][vc_row fullwidth=&#8220;yes&#8220; bottom_margin=&#8220;0&#8243;][vc_column][vc_column_text]\n<h2 style=\"text-align: center;\">Partnerschaft mit Technologieunternehmen<\/h2>\n[\/vc_column_text][\/vc_column][\/vc_row][vc_row][vc_column width=&#8220;1\/2&#8243;][vc_column_text]\n<p><img decoding=\"async\" class=\"aligncenter wp-image-36360\" title=\"Microsoft Partner - Microsoft\" src=\"https:\/\/firstware.com\/wp-content\/uploads\/2021\/07\/Microsoft-Gold-Partner-Bild1-300x260-2.jpg\" alt=\"Microsoft Partner - Microsoft\" width=\"236\" height=\"167\" \/><\/p>\n[\/vc_column_text][vc_column_text el_class=&#8220;FA-aligncenter&#8220;]\n<p>Die FirstAttribute ist Microsoft Partner und hat dadurch direkten Zugang zu Microsoft Ressourcen und den Microsoft Support.<\/p>\n[\/vc_column_text][\/vc_column][vc_column width=&#8220;1\/2&#8243;]<div class=\"shortcode-wrapper shortcode-spacer clearfix\"><div class=\"spacer\" style=\"height:38px;\"><\/div><\/div>[vc_column_text]\n<p><img decoding=\"async\" class=\"aligncenter wp-image-36362 size-full\" title=\"Google Partner\" src=\"https:\/\/firstware.com\/wp-content\/uploads\/2021\/07\/GooglePartner-2-1-1.png\" alt=\"Google Partner\" width=\"229\" height=\"91\" \/><\/p>\n[\/vc_column_text]<div class=\"shortcode-wrapper shortcode-spacer clearfix\"><div class=\"spacer\" style=\"height:38px;\"><\/div><\/div>[vc_column_text el_class=&#8220;FA-aligncenter&#8220;]\n<p>Die FirstAttribute ist Google Partner und spezialisiert sich auf den Einsatz der G Suite und die Anbindung zu Cloud Identity.<\/p>\n[\/vc_column_text][\/vc_column][\/vc_row][vc_row fullwidth=&#8220;yes&#8220; top_margin=&#8220;0&#8243; background_color=&#8220;#eff5ff&#8220; el_class=&#8220;FA-aligncenter&#8220; bottom_margin=&#8220;-60&#8243;][vc_column][vc_column_text css=&#8220;.vc_custom_1553779458289{padding-top: 40px !important;}&#8220;]\n<p><span style=\"font-size: 1.8em;\">Weitere Infos<\/span><\/p>\n[\/vc_column_text][vc_column_text css=&#8220;.vc_custom_1558008312128{margin-top: -15px !important;}&#8220;]\n<p>Haben Sie Interesse an einer Zusammenarbeit? Wir freuen uns auf Ihre Kontaktaufnahme.<\/p>\n[\/vc_column_text][vc_column_text css=&#8220;.vc_custom_1776335289208{margin-top: -15px !important;}&#8220; el_class=&#8220;FA-aligncenter&#8220;]\n<p><a href=\"https:\/\/www.firstattribute.com\/de\/kontakt\/\"><button class=\"ButtonBeratung aligncenter\">Kontaktieren<\/button><\/a><\/p>\n[\/vc_column_text]<div class=\"shortcode-wrapper shortcode-spacer clearfix\"><div class=\"spacer\" style=\"height:20px;\"><\/div><\/div>[\/vc_column][\/vc_row]\n<\/div>","protected":false},"excerpt":{"rendered":"<p>[vc_row fullwidth=&#8220;yes&#8220; fw_columns=&#8220;yes&#8220; top_margin=&#8220;0&#8243; bottom_margin=&#8220;0&#8243; el_class=&#8220;FA-aligncenter&#8220; css=&#8220;.vc_custom_1626354819235{margin-top: -50px !important;}&#8220;][vc_column][vc_single_image image=&#8220;10544&#8243; img_size=&#8220;full&#8220;][\/vc_column][\/vc_row][vc_row top_margin=&#8220;0&#8243; bottom_margin=&#8220;0&#8243; el_class=&#8220;FA-aligncenter&#8220;][vc_column][vc_column_text el_class=&#8220;pcenter&#8220;] Kooperation &amp; Partnerschaft [\/vc_column_text][\/vc_column][vc_column][vc_column_text] Eine [&hellip;]<\/p>\n","protected":false},"author":23,"featured_media":0,"parent":11239,"menu_order":0,"comment_status":"open","ping_status":"closed","template":"","meta":{"_monsterinsights_skip_tracking":false,"_monsterinsights_sitenote_active":false,"_monsterinsights_sitenote_note":"","_monsterinsights_sitenote_category":0,"footnotes":""},"class_list":["post-20142","page","type-page","status-publish","hentry"],"yoast_head":"<!-- This site is optimized with the Yoast SEO plugin v27.3 - https:\/\/yoast.com\/product\/yoast-seo-wordpress\/ -->\n<title>Partnerschaft - Gemeinsam schneller vorankommen - FirstAttribute AG<\/title>\n<meta name=\"description\" content=\"Partnerschaft mit der FirstAttribute AG | Microsoft &amp; Google Partner | 20 Jahre Erfahrung in Identity Management Software &amp; Services\" \/>\n<meta name=\"robots\" content=\"index, follow, max-snippet:-1, max-image-preview:large, max-video-preview:-1\" \/>\n<link rel=\"canonical\" href=\"https:\/\/www.firstware.com\/de\/referenzen\/partnerschaft\/\" \/>\n<meta property=\"og:locale\" content=\"de_DE\" \/>\n<meta property=\"og:type\" content=\"article\" \/>\n<meta property=\"og:title\" content=\"Partnerschaft - Gemeinsam schneller vorankommen - FirstAttribute AG\" \/>\n<meta property=\"og:description\" content=\"Partnerschaft mit der FirstAttribute AG | Microsoft &amp; Google Partner | 20 Jahre Erfahrung in Identity Management Software &amp; Services\" \/>\n<meta property=\"og:url\" content=\"https:\/\/www.firstware.com\/de\/referenzen\/partnerschaft\/\" \/>\n<meta property=\"og:site_name\" content=\"FirstWare IDM-Portal\" \/>\n<meta property=\"og:image\" content=\"https:\/\/firstware.com\/wp-content\/uploads\/2021\/07\/Download-1-1-300x70.png\" \/>\n<meta name=\"twitter:label1\" content=\"Gesch\u00e4tzte Lesezeit\" \/>\n\t<meta name=\"twitter:data1\" content=\"3\u00a0Minuten\" \/>\n<script type=\"application\/ld+json\" class=\"yoast-schema-graph\">{\"@context\":\"https:\\\/\\\/schema.org\",\"@graph\":[{\"@type\":\"WebPage\",\"@id\":\"https:\\\/\\\/www.firstware.com\\\/de\\\/referenzen\\\/partnerschaft\\\/\",\"url\":\"https:\\\/\\\/www.firstware.com\\\/de\\\/referenzen\\\/partnerschaft\\\/\",\"name\":\"Partnerschaft - Gemeinsam schneller vorankommen - FirstAttribute AG\",\"isPartOf\":{\"@id\":\"https:\\\/\\\/www.firstware.com\\\/en\\\/#website\"},\"primaryImageOfPage\":{\"@id\":\"https:\\\/\\\/www.firstware.com\\\/de\\\/referenzen\\\/partnerschaft\\\/#primaryimage\"},\"image\":{\"@id\":\"https:\\\/\\\/www.firstware.com\\\/de\\\/referenzen\\\/partnerschaft\\\/#primaryimage\"},\"thumbnailUrl\":\"https:\\\/\\\/firstware.com\\\/wp-content\\\/uploads\\\/2021\\\/07\\\/Download-1-1-300x70.png\",\"description\":\"Partnerschaft mit der FirstAttribute AG | Microsoft & Google Partner | 20 Jahre Erfahrung in Identity Management Software & Services\",\"breadcrumb\":{\"@id\":\"https:\\\/\\\/www.firstware.com\\\/de\\\/referenzen\\\/partnerschaft\\\/#breadcrumb\"},\"inLanguage\":\"de\",\"potentialAction\":[{\"@type\":\"ReadAction\",\"target\":[\"https:\\\/\\\/www.firstware.com\\\/de\\\/referenzen\\\/partnerschaft\\\/\"]}]},{\"@type\":\"ImageObject\",\"inLanguage\":\"de\",\"@id\":\"https:\\\/\\\/www.firstware.com\\\/de\\\/referenzen\\\/partnerschaft\\\/#primaryimage\",\"url\":\"https:\\\/\\\/firstware.com\\\/wp-content\\\/uploads\\\/2021\\\/07\\\/Download-1-1-300x70.png\",\"contentUrl\":\"https:\\\/\\\/firstware.com\\\/wp-content\\\/uploads\\\/2021\\\/07\\\/Download-1-1-300x70.png\"},{\"@type\":\"BreadcrumbList\",\"@id\":\"https:\\\/\\\/www.firstware.com\\\/de\\\/referenzen\\\/partnerschaft\\\/#breadcrumb\",\"itemListElement\":[{\"@type\":\"ListItem\",\"position\":1,\"name\":\"Startseite\",\"item\":\"https:\\\/\\\/www.firstware.com\\\/de\\\/\"},{\"@type\":\"ListItem\",\"position\":2,\"name\":\"Referenzen\",\"item\":\"https:\\\/\\\/www.firstware.com\\\/de\\\/referenzen\\\/\"},{\"@type\":\"ListItem\",\"position\":3,\"name\":\"Partnerschaft\"}]},{\"@type\":\"WebSite\",\"@id\":\"https:\\\/\\\/www.firstware.com\\\/en\\\/#website\",\"url\":\"https:\\\/\\\/www.firstware.com\\\/en\\\/\",\"name\":\"FirstWare IDM-Portal\",\"description\":\"Identity and Autorization Management in M365 and Active Directory\",\"publisher\":{\"@id\":\"https:\\\/\\\/www.firstware.com\\\/en\\\/#organization\"},\"potentialAction\":[{\"@type\":\"SearchAction\",\"target\":{\"@type\":\"EntryPoint\",\"urlTemplate\":\"https:\\\/\\\/www.firstware.com\\\/en\\\/?s={search_term_string}\"},\"query-input\":{\"@type\":\"PropertyValueSpecification\",\"valueRequired\":true,\"valueName\":\"search_term_string\"}}],\"inLanguage\":\"de\"},{\"@type\":\"Organization\",\"@id\":\"https:\\\/\\\/www.firstware.com\\\/en\\\/#organization\",\"name\":\"FirstWare IDM-Portal\",\"url\":\"https:\\\/\\\/www.firstware.com\\\/en\\\/\",\"logo\":{\"@type\":\"ImageObject\",\"inLanguage\":\"de\",\"@id\":\"https:\\\/\\\/www.firstware.com\\\/en\\\/#\\\/schema\\\/logo\\\/image\\\/\",\"url\":\"https:\\\/\\\/www.firstware.com\\\/wp-content\\\/uploads\\\/2019\\\/06\\\/IDM-Portal.ico\",\"contentUrl\":\"https:\\\/\\\/www.firstware.com\\\/wp-content\\\/uploads\\\/2019\\\/06\\\/IDM-Portal.ico\",\"width\":1,\"height\":1,\"caption\":\"FirstWare IDM-Portal\"},\"image\":{\"@id\":\"https:\\\/\\\/www.firstware.com\\\/en\\\/#\\\/schema\\\/logo\\\/image\\\/\"}}]}<\/script>\n<!-- \/ Yoast SEO plugin. -->","yoast_head_json":{"title":"Partnerschaft - Gemeinsam schneller vorankommen - FirstAttribute AG","description":"Partnerschaft mit der FirstAttribute AG | Microsoft & Google Partner | 20 Jahre Erfahrung in Identity Management Software & Services","robots":{"index":"index","follow":"follow","max-snippet":"max-snippet:-1","max-image-preview":"max-image-preview:large","max-video-preview":"max-video-preview:-1"},"canonical":"https:\/\/www.firstware.com\/de\/referenzen\/partnerschaft\/","og_locale":"de_DE","og_type":"article","og_title":"Partnerschaft - Gemeinsam schneller vorankommen - FirstAttribute AG","og_description":"Partnerschaft mit der FirstAttribute AG | Microsoft & Google Partner | 20 Jahre Erfahrung in Identity Management Software & Services","og_url":"https:\/\/www.firstware.com\/de\/referenzen\/partnerschaft\/","og_site_name":"FirstWare IDM-Portal","og_image":[{"url":"https:\/\/firstware.com\/wp-content\/uploads\/2021\/07\/Download-1-1-300x70.png","type":"","width":"","height":""}],"twitter_misc":{"Gesch\u00e4tzte Lesezeit":"3\u00a0Minuten"},"schema":{"@context":"https:\/\/schema.org","@graph":[{"@type":"WebPage","@id":"https:\/\/www.firstware.com\/de\/referenzen\/partnerschaft\/","url":"https:\/\/www.firstware.com\/de\/referenzen\/partnerschaft\/","name":"Partnerschaft - Gemeinsam schneller vorankommen - FirstAttribute AG","isPartOf":{"@id":"https:\/\/www.firstware.com\/en\/#website"},"primaryImageOfPage":{"@id":"https:\/\/www.firstware.com\/de\/referenzen\/partnerschaft\/#primaryimage"},"image":{"@id":"https:\/\/www.firstware.com\/de\/referenzen\/partnerschaft\/#primaryimage"},"thumbnailUrl":"https:\/\/firstware.com\/wp-content\/uploads\/2021\/07\/Download-1-1-300x70.png","description":"Partnerschaft mit der FirstAttribute AG | Microsoft & Google Partner | 20 Jahre Erfahrung in Identity Management Software & Services","breadcrumb":{"@id":"https:\/\/www.firstware.com\/de\/referenzen\/partnerschaft\/#breadcrumb"},"inLanguage":"de","potentialAction":[{"@type":"ReadAction","target":["https:\/\/www.firstware.com\/de\/referenzen\/partnerschaft\/"]}]},{"@type":"ImageObject","inLanguage":"de","@id":"https:\/\/www.firstware.com\/de\/referenzen\/partnerschaft\/#primaryimage","url":"https:\/\/firstware.com\/wp-content\/uploads\/2021\/07\/Download-1-1-300x70.png","contentUrl":"https:\/\/firstware.com\/wp-content\/uploads\/2021\/07\/Download-1-1-300x70.png"},{"@type":"BreadcrumbList","@id":"https:\/\/www.firstware.com\/de\/referenzen\/partnerschaft\/#breadcrumb","itemListElement":[{"@type":"ListItem","position":1,"name":"Startseite","item":"https:\/\/www.firstware.com\/de\/"},{"@type":"ListItem","position":2,"name":"Referenzen","item":"https:\/\/www.firstware.com\/de\/referenzen\/"},{"@type":"ListItem","position":3,"name":"Partnerschaft"}]},{"@type":"WebSite","@id":"https:\/\/www.firstware.com\/en\/#website","url":"https:\/\/www.firstware.com\/en\/","name":"FirstWare IDM-Portal","description":"Identity and Autorization Management in M365 and Active Directory","publisher":{"@id":"https:\/\/www.firstware.com\/en\/#organization"},"potentialAction":[{"@type":"SearchAction","target":{"@type":"EntryPoint","urlTemplate":"https:\/\/www.firstware.com\/en\/?s={search_term_string}"},"query-input":{"@type":"PropertyValueSpecification","valueRequired":true,"valueName":"search_term_string"}}],"inLanguage":"de"},{"@type":"Organization","@id":"https:\/\/www.firstware.com\/en\/#organization","name":"FirstWare IDM-Portal","url":"https:\/\/www.firstware.com\/en\/","logo":{"@type":"ImageObject","inLanguage":"de","@id":"https:\/\/www.firstware.com\/en\/#\/schema\/logo\/image\/","url":"https:\/\/www.firstware.com\/wp-content\/uploads\/2019\/06\/IDM-Portal.ico","contentUrl":"https:\/\/www.firstware.com\/wp-content\/uploads\/2019\/06\/IDM-Portal.ico","width":1,"height":1,"caption":"FirstWare IDM-Portal"},"image":{"@id":"https:\/\/www.firstware.com\/en\/#\/schema\/logo\/image\/"}}]}},"_links":{"self":[{"href":"https:\/\/www.firstware.com\/de\/wp-json\/wp\/v2\/pages\/20142","targetHints":{"allow":["GET"]}}],"collection":[{"href":"https:\/\/www.firstware.com\/de\/wp-json\/wp\/v2\/pages"}],"about":[{"href":"https:\/\/www.firstware.com\/de\/wp-json\/wp\/v2\/types\/page"}],"author":[{"embeddable":true,"href":"https:\/\/www.firstware.com\/de\/wp-json\/wp\/v2\/users\/23"}],"replies":[{"embeddable":true,"href":"https:\/\/www.firstware.com\/de\/wp-json\/wp\/v2\/comments?post=20142"}],"version-history":[{"count":2,"href":"https:\/\/www.firstware.com\/de\/wp-json\/wp\/v2\/pages\/20142\/revisions"}],"predecessor-version":[{"id":49733,"href":"https:\/\/www.firstware.com\/de\/wp-json\/wp\/v2\/pages\/20142\/revisions\/49733"}],"up":[{"embeddable":true,"href":"https:\/\/www.firstware.com\/de\/wp-json\/wp\/v2\/pages\/11239"}],"wp:attachment":[{"href":"https:\/\/www.firstware.com\/de\/wp-json\/wp\/v2\/media?parent=20142"}],"curies":[{"name":"wp","href":"https:\/\/api.w.org\/{rel}","templated":true}]}}